{"id":92,"date":"2015-01-18T21:00:34","date_gmt":"2015-01-18T19:00:34","guid":{"rendered":"http:\/\/www2187.vu.lt\/?page_id=92"},"modified":"2019-09-03T14:17:17","modified_gmt":"2019-09-03T11:17:17","slug":"laisvos-darbo-vietos","status":"publish","type":"page","link":"http:\/\/www2187.vu.lt\/?page_id=92","title":{"rendered":"Laisvos darbo vietos"},"content":{"rendered":"<p><!--\n\n\n<p>\n\t<span style=\"font-size:14px;\"><span style=\"font-family:arial,helvetica,sans-serif;\"><a href=\"http:\/\/www2187.vu.lt\/wp-content\/uploads\/2019\/07\/2019_fizikos_mokytojui.pdf\">&Scaron;VEN\u010cIONI\u0172 R. ADUTI&Scaron;KIO PAGRINDIN\u0116 MOKYKLA SKELBIA&nbsp; ATRANK\u0104 FIZIKOS MOKYTOJO PAREIGOMS U\u017dIMTI<\/a><\/span><\/span>\n<\/p>\n\n\n\n\n\n<p>\n\t<span style=\"font-size:14px;\"><span style=\"font-family:arial,helvetica,sans-serif;\"><a href=\"http:\/\/www2187.vu.lt\/wp-content\/uploads\/2019\/07\/2019_matematikos_mokytojui.pdf\">&Scaron;VEN\u010cIONI\u0172 R. ADUTI&Scaron;KIO PAGRINDIN\u0116 MOKYKLA SKELBIA&nbsp; ATRANK\u0104 MATEMATIKOS MOKYTOJO PAREIGOMS U\u017dIMTI<\/a><\/span><\/span>\n<\/p>\n\n\n\n\n\n<p>\n\t<span style=\"font-size:14px;\"><span style=\"font-family:arial,helvetica,sans-serif;\"><a href=\"http:\/\/www2187.vu.lt\/wp-content\/uploads\/2019\/07\/2019_technologiju_mokytojui.pdf&#10;&#10;\">&Scaron;VEN\u010cIONI\u0172 R. ADUTI&Scaron;KIO PAGRINDIN\u0116 MOKYKLA SKELBIA&nbsp; ATRANK\u0104 TECHNOLOGOJ\u0172 MOKYTOJO PAREIGOMS U\u017dIMTI<\/a><\/span><\/span>\n<\/p>\n\n\n--><\/p>\n","protected":false},"excerpt":{"rendered":"","protected":false},"author":1,"featured_media":0,"parent":5790,"menu_order":6,"comment_status":"closed","ping_status":"closed","template":"","meta":[],"_links":{"self":[{"href":"http:\/\/www2187.vu.lt\/index.php?rest_route=\/wp\/v2\/pages\/92"}],"collection":[{"href":"http:\/\/www2187.vu.lt\/index.php?rest_route=\/wp\/v2\/pages"}],"about":[{"href":"http:\/\/www2187.vu.lt\/index.php?rest_route=\/wp\/v2\/types\/page"}],"author":[{"embeddable":true,"href":"http:\/\/www2187.vu.lt\/index.php?rest_route=\/wp\/v2\/users\/1"}],"replies":[{"embeddable":true,"href":"http:\/\/www2187.vu.lt\/index.php?rest_route=%2Fwp%2Fv2%2Fcomments&post=92"}],"version-history":[{"count":21,"href":"http:\/\/www2187.vu.lt\/index.php?rest_route=\/wp\/v2\/pages\/92\/revisions"}],"predecessor-version":[{"id":5947,"href":"http:\/\/www2187.vu.lt\/index.php?rest_route=\/wp\/v2\/pages\/92\/revisions\/5947"}],"up":[{"embeddable":true,"href":"http:\/\/www2187.vu.lt\/index.php?rest_route=\/wp\/v2\/pages\/5790"}],"wp:attachment":[{"href":"http:\/\/www2187.vu.lt\/index.php?rest_route=%2Fwp%2Fv2%2Fmedia&parent=92"}],"curies":[{"name":"wp","href":"https:\/\/api.w.org\/{rel}","templated":true}]}}