{"id":9,"date":"2014-10-14T20:38:52","date_gmt":"2014-10-14T17:38:52","guid":{"rendered":"http:\/\/www2187.vu.lt\/?page_id=9"},"modified":"2019-06-02T20:02:16","modified_gmt":"2019-06-02T17:02:16","slug":"bendros-zinios","status":"publish","type":"page","link":"http:\/\/www2187.vu.lt\/?page_id=9","title":{"rendered":"Kontaktai"},"content":{"rendered":"<table align=\"center\" border=\"2\" cellpadding=\"1\" cellspacing=\"1\" style=\"width: 500px;\">\n<tbody>\n<tr>\n<td style=\"width: 211px;\">\n<p style=\"text-align: center;\">\n\t\t\t\t\t<strong>Pavadinimas<\/strong>\n\t\t\t\t<\/p>\n<\/td>\n<td style=\"width: 312px;\">\n<p style=\"text-align: center;\">\n\t\t\t\t\t<strong>&Scaron;ven\u010dioni\u0173 r. Aduti&scaron;kio pagrindin\u0117 mokykla<\/strong>\n\t\t\t\t<\/p>\n<p style=\"text-align: center;\">\n\t\t\t\t\t&nbsp;\n\t\t\t\t<\/p>\n<\/td>\n<\/tr>\n<tr>\n<td style=\"width: 211px;\">\n<p style=\"text-align: center;\">\n\t\t\t\t\tJuridinio asmens kodas\n\t\t\t\t<\/p>\n<\/td>\n<td style=\"width: 312px;\">\n<p style=\"text-align: center;\">\n\t\t\t\t\t190507118\n\t\t\t\t<\/p>\n<p style=\"text-align: center;\">\n\t\t\t\t\t&nbsp;\n\t\t\t\t<\/p>\n<\/td>\n<\/tr>\n<tr>\n<td style=\"width: 211px; height: 33px;\">\n<p style=\"text-align: center;\">\n\t\t\t\t\tTeisin\u0117 forma\n\t\t\t\t<\/p>\n<\/td>\n<td style=\"width: 312px; height: 33px;\">\n<p style=\"text-align: center;\">\n\t\t\t\t\tBiud\u017eetin\u0117 \u012fstaiga\n\t\t\t\t<\/p>\n<\/td>\n<\/tr>\n<tr>\n<td style=\"width: 211px;\">\n<p style=\"text-align: center;\">\n\t\t\t\t\tBuvein\u0117\n\t\t\t\t<\/p>\n<\/td>\n<td style=\"width: 312px;\">\n<p style=\"text-align: center;\">\n\t\t\t\t\tPostav\u0173 g. 36, LT-18290 Aduti&scaron;kio mstl., Aduti&scaron;kio sen., &Scaron;ven\u010dioni\u0173 r. sav.,\n\t\t\t\t<\/p>\n<p style=\"text-align: center;\">\n\t\t\t\t\tLietuvos Respublika\n\t\t\t\t<\/p>\n<\/td>\n<\/tr>\n<tr>\n<td style=\"width: 211px;\">\n<p style=\"text-align: center;\">\n\t\t\t\t\t\u012esteigimo data\n\t\t\t\t<\/p>\n<\/td>\n<td style=\"width: 312px;\">\n<p style=\"text-align: center;\">\n\t\t\t\t\t1953 m. rugs\u0117jo 1 d.\n\t\t\t\t<\/p>\n<p style=\"text-align: center;\">\n\t\t\t\t\t&nbsp;\n\t\t\t\t<\/p>\n<\/td>\n<\/tr>\n<tr>\n<td style=\"width: 211px;\">\n<p style=\"text-align: center;\">\n\t\t\t\t\tMokyklos telefonas\/faksas\n\t\t\t\t<\/p>\n<\/td>\n<td style=\"width: 312px;\">\n<p style=\"text-align: center;\">\n\t\t\t\t\t+370 387 59244\n\t\t\t\t<\/p>\n<\/td>\n<\/tr>\n<tr>\n<td style=\"width: 211px;\">\n<p style=\"text-align: center;\">\n\t\t\t\t\tMokyklos elektroninio pa&scaron;to adresas\n\t\t\t\t<\/p>\n<\/td>\n<td style=\"width: 312px;\">\n<p style=\"text-align: center;\">\n\t\t\t\t\t<a href=\"mailto:adutiskio.vidurine@gmail.com\">adutiskio.vidurine@gmail.com<\/a>\n\t\t\t\t<\/p>\n<p style=\"text-align: center;\">\n\t\t\t\t\t&nbsp;\n\t\t\t\t<\/p>\n<\/td>\n<\/tr>\n<tr>\n<td style=\"width: 211px;\">\n<p style=\"text-align: center;\">\n\t\t\t\t\tInterneto svetain\u0117s adresas\n\t\t\t\t<\/p>\n<\/td>\n<td style=\"width: 312px;\">\n<p style=\"text-align: center;\">\n\t\t\t\t\t<a href=\"http:\/\/www.adutiskis.svencionys.lm.lt\/\">http:\/\/www.adutiskis.svencionys.lm.lt\/<\/a>\n\t\t\t\t<\/p>\n<p style=\"text-align: center;\">\n\t\t\t\t\t&nbsp;\n\t\t\t\t<\/p>\n<\/td>\n<\/tr>\n<\/tbody>\n<\/table>\n","protected":false},"excerpt":{"rendered":"<p>Pavadinimas &Scaron;ven\u010dioni\u0173 r. Aduti&scaron;kio pagrindin\u0117 mokykla &nbsp; Juridinio asmens kodas 190507118 &nbsp; Teisin\u0117 forma Biud\u017eetin\u0117 \u012fstaiga Buvein\u0117 Postav\u0173 g. 36, LT-18290 Aduti&scaron;kio mstl., Aduti&scaron;kio sen., &Scaron;ven\u010dioni\u0173 r. sav., Lietuvos Respublika \u012esteigimo data 1953 m. rugs\u0117jo 1 d. &nbsp; Mokyklos telefonas\/faksas +370 387 59244 Mokyklos elektroninio pa&scaron;to adresas adutiskio.vidurine@gmail.com &nbsp; Interneto svetain\u0117s adresas http:\/\/www.adutiskis.svencionys.lm.lt\/ &nbsp;<\/p>\n","protected":false},"author":1,"featured_media":0,"parent":5790,"menu_order":7,"comment_status":"open","ping_status":"open","template":"","meta":[],"_links":{"self":[{"href":"http:\/\/www2187.vu.lt\/index.php?rest_route=\/wp\/v2\/pages\/9"}],"collection":[{"href":"http:\/\/www2187.vu.lt\/index.php?rest_route=\/wp\/v2\/pages"}],"about":[{"href":"http:\/\/www2187.vu.lt\/index.php?rest_route=\/wp\/v2\/types\/page"}],"author":[{"embeddable":true,"href":"http:\/\/www2187.vu.lt\/index.php?rest_route=\/wp\/v2\/users\/1"}],"replies":[{"embeddable":true,"href":"http:\/\/www2187.vu.lt\/index.php?rest_route=%2Fwp%2Fv2%2Fcomments&post=9"}],"version-history":[{"count":10,"href":"http:\/\/www2187.vu.lt\/index.php?rest_route=\/wp\/v2\/pages\/9\/revisions"}],"predecessor-version":[{"id":5795,"href":"http:\/\/www2187.vu.lt\/index.php?rest_route=\/wp\/v2\/pages\/9\/revisions\/5795"}],"up":[{"embeddable":true,"href":"http:\/\/www2187.vu.lt\/index.php?rest_route=\/wp\/v2\/pages\/5790"}],"wp:attachment":[{"href":"http:\/\/www2187.vu.lt\/index.php?rest_route=%2Fwp%2Fv2%2Fmedia&parent=9"}],"curies":[{"name":"wp","href":"https:\/\/api.w.org\/{rel}","templated":true}]}}