{"id":88,"date":"2015-01-18T20:58:38","date_gmt":"2015-01-18T18:58:38","guid":{"rendered":"http:\/\/www2187.vu.lt\/?page_id=88"},"modified":"2019-11-08T13:42:42","modified_gmt":"2019-11-08T11:42:42","slug":"pavezejimas","status":"publish","type":"page","link":"http:\/\/www2187.vu.lt\/?page_id=88","title":{"rendered":"Pav\u0117\u017e\u0117jimas"},"content":{"rendered":"<p>&nbsp;<\/p>\n<p><a href=\"http:\/\/www2187.vu.lt\/wp-content\/uploads\/2019\/11\/autobusu-tvarkarasciai-2019-2020-m.m..pdf\"><span style=\"font-size: 14px;\"><span style=\"font-family: arial,helvetica,sans-serif;\"><span style=\"color: #222222;\">MOKYKLINIO AUTOBUSO IR MAR\u0160RUTINIO AUTOBUSO TVARKARA\u0160\u010cIAI 2019 &#8211; 2020 M.M.<\/span><\/span><\/span><\/a><\/p>\n","protected":false},"excerpt":{"rendered":"<p>&nbsp; MOKYKLINIO AUTOBUSO IR MAR\u0160RUTINIO AUTOBUSO TVARKARA\u0160\u010cIAI 2019 &#8211; 2020 M.M.<\/p>\n","protected":false},"author":1,"featured_media":0,"parent":76,"menu_order":6,"comment_status":"closed","ping_status":"closed","template":"","meta":[],"_links":{"self":[{"href":"http:\/\/www2187.vu.lt\/index.php?rest_route=\/wp\/v2\/pages\/88"}],"collection":[{"href":"http:\/\/www2187.vu.lt\/index.php?rest_route=\/wp\/v2\/pages"}],"about":[{"href":"http:\/\/www2187.vu.lt\/index.php?rest_route=\/wp\/v2\/types\/page"}],"author":[{"embeddable":true,"href":"http:\/\/www2187.vu.lt\/index.php?rest_route=\/wp\/v2\/users\/1"}],"replies":[{"embeddable":true,"href":"http:\/\/www2187.vu.lt\/index.php?rest_route=%2Fwp%2Fv2%2Fcomments&post=88"}],"version-history":[{"count":12,"href":"http:\/\/www2187.vu.lt\/index.php?rest_route=\/wp\/v2\/pages\/88\/revisions"}],"predecessor-version":[{"id":6219,"href":"http:\/\/www2187.vu.lt\/index.php?rest_route=\/wp\/v2\/pages\/88\/revisions\/6219"}],"up":[{"embeddable":true,"href":"http:\/\/www2187.vu.lt\/index.php?rest_route=\/wp\/v2\/pages\/76"}],"wp:attachment":[{"href":"http:\/\/www2187.vu.lt\/index.php?rest_route=%2Fwp%2Fv2%2Fmedia&parent=88"}],"curies":[{"name":"wp","href":"https:\/\/api.w.org\/{rel}","templated":true}]}}