{"id":78,"date":"2015-01-18T20:55:30","date_gmt":"2015-01-18T18:55:30","guid":{"rendered":"http:\/\/www2187.vu.lt\/?page_id=78"},"modified":"2019-11-08T09:06:17","modified_gmt":"2019-11-08T07:06:17","slug":"vaiko-geroves-komisija","status":"publish","type":"page","link":"http:\/\/www2187.vu.lt\/?page_id=78","title":{"rendered":"Vaiko gerov\u0117s komisija"},"content":{"rendered":"<p>\n\t&nbsp;\n<\/p>\n<p style=\"text-align: center;\">\n\t<strong><a href=\"http:\/\/www2187.vu.lt\/wp-content\/uploads\/2018\/03\/VGK_aprasas_2017-09-18.pdf\"><span style=\"font-size:14px;\"><span style=\"font-family:arial,helvetica,sans-serif;\">&Scaron;VEN\u010cIONI\u0172 R. ADUTI&Scaron;KIO PAGRINDIN\u0116S MOKYKLOS VAIKO GEROV\u0116S KOMISIJOS SUDARYMO IR JOS DARBO ORGANIZAVIMO TVARKOS APRA&Scaron;AS<\/span><\/span><\/a><\/strong>\n<\/p>\n<p>\n\t&nbsp;\n<\/p>\n<p>\n\t<span style=\"font-size:14px;\">Vaiko gerov\u0117s komisija:<\/span>\n<\/p>\n<p>\n\t<span style=\"font-size:14px;\"><span style=\"font-family:arial,helvetica,sans-serif;\">1. \u200b<\/span>Algirdas Uziala, VGK komisijos pirmininkas, mokyklos direktoriaus pavaduotojas ugdymui;<\/span>\n<\/p>\n<p>\n\t<span style=\"font-size:14px;\"><span style=\"font-size:14px;\">\u200b2. <\/span><span style=\"font-size:14px;\">Gra\u017eina Lazdinien\u0117 &#8211; Vaiko gerov\u0117s komisijos sekretor\u0117, biologijos mokytoja metodinink\u0117, chemijos vyresnioji mokytoja, 6-7 klasi\u0173 vadov\u0117;<\/span><\/span>\n<\/p>\n<p>\n\t<span style=\"font-size:14px;\">3. Margarita Maslianikien\u0117 &#8211; pradini\u0173 klasi\u0173 vyresnioji mokytoja;<\/span>\n<\/p>\n<p>\n\t<span style=\"font-size:14px;\">4. Jurgita Dicevi\u010di\u016bt\u0117 &ndash; lietuvi\u0173 kalbos vyresnioji mokytoja, 8 klas\u0117s vadov\u0117;<\/span>\n<\/p>\n<p>\n\t<span style=\"font-size:14px;\">5. Renata Stun\u017e\u0117nien\u0117 &ndash; lietuvi\u0173 kalbos vyresnioji mokytoja, 5 klas\u0117s vadov\u0117,&nbsp; mokyklos bibliotekos ved\u0117ja;<\/span>\n<\/p>\n<p>\n\t<span style=\"font-size:14px;\">6. Kristina Ulevi\u010di\u016bt\u0117 &#8211;&nbsp; Aduti&scaron;kio seni\u016bnijos socialin\u0117 darbuotoja.<\/span>\u200b<\/p>\n","protected":false},"excerpt":{"rendered":"<p>&nbsp; &Scaron;VEN\u010cIONI\u0172 R. ADUTI&Scaron;KIO PAGRINDIN\u0116S MOKYKLOS VAIKO GEROV\u0116S KOMISIJOS SUDARYMO IR JOS DARBO ORGANIZAVIMO TVARKOS APRA&Scaron;AS &nbsp; Vaiko gerov\u0117s komisija: 1. \u200bAlgirdas Uziala, VGK komisijos pirmininkas, mokyklos direktoriaus pavaduotojas ugdymui; \u200b2. Gra\u017eina Lazdinien\u0117 &#8211; Vaiko gerov\u0117s komisijos sekretor\u0117, biologijos mokytoja metodinink\u0117, chemijos vyresnioji mokytoja, 6-7 klasi\u0173 vadov\u0117; 3. Margarita Maslianikien\u0117 &#8211; pradini\u0173 klasi\u0173 vyresnioji mokytoja; [&hellip;]<\/p>\n","protected":false},"author":1,"featured_media":0,"parent":90,"menu_order":1,"comment_status":"closed","ping_status":"closed","template":"","meta":[],"_links":{"self":[{"href":"http:\/\/www2187.vu.lt\/index.php?rest_route=\/wp\/v2\/pages\/78"}],"collection":[{"href":"http:\/\/www2187.vu.lt\/index.php?rest_route=\/wp\/v2\/pages"}],"about":[{"href":"http:\/\/www2187.vu.lt\/index.php?rest_route=\/wp\/v2\/types\/page"}],"author":[{"embeddable":true,"href":"http:\/\/www2187.vu.lt\/index.php?rest_route=\/wp\/v2\/users\/1"}],"replies":[{"embeddable":true,"href":"http:\/\/www2187.vu.lt\/index.php?rest_route=%2Fwp%2Fv2%2Fcomments&post=78"}],"version-history":[{"count":7,"href":"http:\/\/www2187.vu.lt\/index.php?rest_route=\/wp\/v2\/pages\/78\/revisions"}],"predecessor-version":[{"id":6194,"href":"http:\/\/www2187.vu.lt\/index.php?rest_route=\/wp\/v2\/pages\/78\/revisions\/6194"}],"up":[{"embeddable":true,"href":"http:\/\/www2187.vu.lt\/index.php?rest_route=\/wp\/v2\/pages\/90"}],"wp:attachment":[{"href":"http:\/\/www2187.vu.lt\/index.php?rest_route=%2Fwp%2Fv2%2Fmedia&parent=78"}],"curies":[{"name":"wp","href":"https:\/\/api.w.org\/{rel}","templated":true}]}}