{"id":74,"date":"2015-01-18T20:53:02","date_gmt":"2015-01-18T18:53:02","guid":{"rendered":"http:\/\/www2187.vu.lt\/?page_id=74"},"modified":"2019-06-02T20:46:09","modified_gmt":"2019-06-02T17:46:09","slug":"ugdymas-karjerai","status":"publish","type":"page","link":"http:\/\/www2187.vu.lt\/?page_id=74","title":{"rendered":"Ugdymas karjerai"},"content":{"rendered":"<p style=\"text-align: center;\">\n\t&nbsp;\n<\/p>\n<p style=\"text-align: center;\">\n\t<strong style=\"font-family: arial, helvetica, sans-serif; font-size: 14px;\">Teisingai pasirinkti gyvenimo keli\u0105<\/strong>\n<\/p>\n<p style=\"text-align: center;\">\n\t&nbsp;\n<\/p>\n<p style=\"text-align: justify;\">\n\t<span style=\"font-size:14px;\"><span style=\"font-family:arial,helvetica,sans-serif;\">Nuo 2013 m. sausio 14 d. mokykloje veikia karjeros centras, \u012fsteigtas mokyklai dalyvaujant 2007-2013 m. \u017dmogi&scaron;k\u0173j\u0173 i&scaron;tekli\u0173 pl\u0117tros veiksm\u0173 programos 2 prioriteto &bdquo;Mokymasis vis\u0105 gyvenim\u0105&ldquo; priemon\u0117s &bdquo;Profesinio orientavimo sistemos veiklos tobulinimas ir pl\u0117tra&ldquo; valstyb\u0117s projekte &bdquo;Ugdymo karjerai ir steb\u0117senos modeli\u0173 suk\u016brimas ir pl\u0117tra bendrajame lavinime ir profesiniame mokyme&ldquo;.<\/span><\/span>\n<\/p>\n<p style=\"text-align: justify;\">\n\t<span style=\"font-size:14px;\"><span style=\"font-family:arial,helvetica,sans-serif;\"><strong>Ugdymas &nbsp;karjerai <\/strong>&ndash; kryptinga veikla, skirta karjeros kompetencijoms \u012fgyti. &Scaron;iuo atveju karjera suprantama kaip vis\u0105 \u017emogaus gyvenim\u0105 trunkantis procesas, atsi\u017evelgiant \u012f asmens raidos ypatumus, kintamas visuomen\u0117s ir darbo rinkos s\u0105lygas. S\u0117kming\u0105 asmens karjer\u0105 nusako geb\u0117jimas mokytis vis\u0105 gyvenim\u0105, reaguoti \u012f poky\u010dius visuomen\u0117je ir darbo rinkoje.<\/span><\/span>\n<\/p>\n<p style=\"text-align: justify;\">\n\t<span style=\"font-size:14px;\"><span style=\"font-family:arial,helvetica,sans-serif;\"><strong>Karjeros paslaug\u0173 tikslas<\/strong> &ndash; pad\u0117ti mokiniams s\u0105moningai rinktis jiems tinkamas &scaron;vietimo ir u\u017eimtumo galimybes, sudaryti s\u0105lygas \u012fgyti karjeros kompetencij\u0173, aktyviai kurti savo karjer\u0105.<\/span><\/span>\n<\/p>\n<p style=\"text-align: justify;\">\n\t<span style=\"font-size:14px;\"><span style=\"font-family:arial,helvetica,sans-serif;\"><strong>Karjeros paslaugos apima:<\/strong><\/span><\/span>\n<\/p>\n<ul>\n<li style=\"text-align: justify;\">\n\t\t<span style=\"font-size:14px;\"><span style=\"font-family:arial,helvetica,sans-serif;\"><strong>Ugdym\u0105 karjerai<\/strong>. Tai kryptingas asmens kompetencij\u0173 ugdymas, \u017eini\u0173, geb\u0117jim\u0173 ir nuostat\u0173 apie save, mokymosi ir darbo karjeros galimybi\u0173 \u012fgijimas, \u012fgyvendinant ugdymui karjerai skirt\u0105 program\u0105 ir organizuojant su ugdymu karjerai suderintas kult\u016brin\u0119, menin\u0119, pa\u017eintin\u0119 ir kitas veiklas bei neformal\u0173j\u012f &scaron;vietim\u0105.<\/span><\/span>\n\t<\/li>\n<li style=\"text-align: justify;\">\n\t\t<span style=\"font-size:14px;\"><span style=\"font-family:arial,helvetica,sans-serif;\"><strong>Karjeros informavim\u0105<\/strong>. Tai karjeros koordinatoriaus informacijos apie karjeros galimybes rinkimas, analiz\u0117, sisteminimas ir teikimas.<\/span><\/span>\n\t<\/li>\n<li style=\"text-align: justify;\">\n\t\t<span style=\"font-size:14px;\"><span style=\"font-family:arial,helvetica,sans-serif;\"><strong>Karjeros konsultavim\u0105<\/strong>. Tai pagalba mokiniams pa\u017einti, \u012fvertinti ir aptarti individualias savybes, spr\u0119sti su karjeros planavimu susijusius klausimus ir karjeros problemas.<\/span><\/span>\n\t<\/li>\n<\/ul>\n<p style=\"text-align: justify;\">\n\t<span style=\"font-size:14px;\"><span style=\"font-family:arial,helvetica,sans-serif;\"><strong>Karjeros koordinator\u0117s veikla:<\/strong><\/span><\/span>\n<\/p>\n<ul>\n<li style=\"text-align: justify;\">\n\t\t<span style=\"font-size:14px;\"><span style=\"font-family:arial,helvetica,sans-serif;\">Teikia individualias ir grupines konsultacijas (mokiniams, t\u0117vams);<\/span><\/span>\n\t<\/li>\n<li style=\"text-align: justify;\">\n\t\t<span style=\"font-size:14px;\"><span style=\"font-family:arial,helvetica,sans-serif;\">Ie&scaron;ko informacijos internetin\u0117je erdv\u0117je apie ugdym\u0105 karjerai;<\/span><\/span>\n\t<\/li>\n<li style=\"text-align: justify;\">\n\t\t<span style=\"font-size:14px;\"><span style=\"font-family:arial,helvetica,sans-serif;\">Nuolat informuoja mokinius, j\u0173 t\u0117vus, aukl\u0117tojus apie \u012fvairius renginius, parodas ir kita elektroniniame dienyne;<\/span><\/span>\n\t<\/li>\n<li style=\"text-align: justify;\">\n\t\t<span style=\"font-size:14px;\"><span style=\"font-family:arial,helvetica,sans-serif;\">Organizuoja i&scaron;vykas \u012f \u012fmones, atvir\u0173 dur\u0173 dienas;<\/span><\/span>\n\t<\/li>\n<li style=\"text-align: justify;\">\n\t\t<span style=\"font-size:14px;\"><span style=\"font-family:arial,helvetica,sans-serif;\">Organizuoja susitikimus su \u012fvairi\u0173 profesij\u0173 atstovais;<\/span><\/span>\n\t<\/li>\n<\/ul>\n<p style=\"text-align: justify;\">\n\t<span style=\"font-size:14px;\"><span style=\"font-family:arial,helvetica,sans-serif;\"><strong>Programa mokiniams pad\u0117s:<\/strong><\/span><\/span>\n<\/p>\n<ul>\n<li style=\"text-align: justify;\">\n\t\t<span style=\"font-size:14px;\"><span style=\"font-family:arial,helvetica,sans-serif;\">Pa\u017einti save;<\/span><\/span>\n\t<\/li>\n<li style=\"text-align: justify;\">\n\t\t<span style=\"font-size:14px;\"><span style=\"font-family:arial,helvetica,sans-serif;\">Pa\u017einti karjeros galimybes;<\/span><\/span>\n\t<\/li>\n<li style=\"text-align: justify;\">\n\t\t<span style=\"font-size:14px;\"><span style=\"font-family:arial,helvetica,sans-serif;\">Planuoti karjer\u0105;<\/span><\/span>\n\t<\/li>\n<li style=\"text-align: justify;\">\n\t\t<span style=\"font-size:14px;\"><span style=\"font-family:arial,helvetica,sans-serif;\">Karjer\u0105 \u012fgyvendinti.<\/span><\/span>\n\t<\/li>\n<\/ul>\n<p style=\"text-align: justify;\">\n\t<span style=\"font-size:14px;\"><span style=\"font-family:arial,helvetica,sans-serif;\"><strong>Pagrindiniai dokumentai:<\/strong><\/span><\/span>\n<\/p>\n<ul>\n<li style=\"text-align: justify;\">\n\t\t<span style=\"font-size:14px;\"><span style=\"font-family:arial,helvetica,sans-serif;\"><strong>Bendrojo ugdymo mokykl\u0173 ir profesinio mokymo \u012fstaig\u0173 mokini\u0173 ugdymo karjerai modelis; <\/strong><\/span><\/span>\n\t<\/li>\n<li style=\"text-align: justify;\">\n\t\t<span style=\"font-size:14px;\"><span style=\"font-family:arial,helvetica,sans-serif;\"><strong>Profesinio orientavimo vykdymo tvarkos apra&scaron;as;<\/strong><\/span><\/span>\n\t<\/li>\n<li style=\"text-align: justify;\">\n\t\t<span style=\"font-size:14px;\"><span style=\"font-family:arial,helvetica,sans-serif;\"><strong>Ugdymo karjerai programa.<\/strong><\/span><\/span>\n\t<\/li>\n<\/ul>\n<p style=\"text-align: justify;\">\n\t<span style=\"font-size:14px;\"><span style=\"font-family:arial,helvetica,sans-serif;\"><strong>Naudinga informacija:<\/strong> <a href=\"http:\/\/www.aikos.smm.lt\/\">www.aikos.smm.lt<\/a>&nbsp;|&nbsp;<a href=\"http:\/\/www.lamabpo.lt\/\">www.lamabpo.lt<\/a>&nbsp;&nbsp;|&nbsp;<a href=\"http:\/\/www.cvonline.lt\/\">&nbsp;www.cvonline.lt&nbsp;<\/a>&nbsp;|&nbsp;<a href=\"http:\/\/www.zemaicio.svencionys.lm.lt\/www.ldb.lt\">www.ldb.lt<\/a>&nbsp;&nbsp;|&nbsp;<a href=\"http:\/\/www.darborinka.lt\/\">www.darborinka.lt<\/a><\/span><\/span>\n<\/p>\n<p style=\"text-align: justify;\">\n\t<span style=\"font-size:14px;\"><span style=\"font-family:arial,helvetica,sans-serif;\"><a href=\"http:\/\/www.kurstudijuoti.lt\/\">www.kurstudijuoti.lt<\/a>&nbsp;&nbsp;|&nbsp;<a href=\"http:\/\/www.studijos.lt\/\">www.studijos.lt<\/a>&nbsp;&nbsp;|&nbsp;<a href=\"http:\/\/www.karjeroscentras.lt\/\">www.karjeroscentras.lt<\/a>&nbsp;|&nbsp;<a href=\"http:\/\/www.tinklas.lt\/\">www.tinklas.lt<\/a>&nbsp;|&nbsp;<a href=\"http:\/\/www.nec.lt\/\" target=\"_blank\" rel=\"noopener noreferrer\">http:\/\/www.nec.lt<\/a><\/span><\/span>\n<\/p>\n<p style=\"text-align: justify;\">\n\t<span style=\"font-size:14px;\"><span style=\"font-family:arial,helvetica,sans-serif;\"><a href=\"http:\/\/www.euroguidance.lt\/\" target=\"_blank\" rel=\"noopener noreferrer\">http:\/\/www.euroguidance.lt<\/a>&nbsp;&nbsp;|&nbsp;<a href=\"http:\/\/www.vsf.lt\/\" target=\"_blank\" rel=\"noopener noreferrer\">http:\/\/www.vsf.lt<\/a>&nbsp;|&nbsp;<a href=\"http:\/\/www.skvc.lt\/\" target=\"_blank\" rel=\"noopener noreferrer\">http:\/\/www.skvc.lt<\/a>&nbsp;|&nbsp;<a href=\"http:\/\/www.balticstudent.lt\/\" target=\"_blank\" rel=\"noopener noreferrer\">http:\/\/www.balticstudent.lt<\/a>&nbsp;&nbsp;&nbsp;<\/span><\/span>\n<\/p>\n<p style=\"text-align: justify;\">\n\t<span style=\"font-size:14px;\"><span style=\"font-family:arial,helvetica,sans-serif;\">&nbsp;<a href=\"http:\/\/www.studinfo.lt\/\" target=\"_blank\" rel=\"noopener noreferrer\">http:\/\/www.studinfo.lt<\/a><\/span><\/span>\n<\/p>\n<p style=\"text-align: justify;\">\n\t&nbsp;\n<\/p>\n<p style=\"text-align: justify;\">\n\t<a href=\"http:\/\/www2187.vu.lt\/wp-content\/uploads\/2018\/02\/2-Aduti\u0161kio-p.-m.-Karjeros-ugdymo-programa-2017-2018-m.m.-K.G.-1.pdf\"><span style=\"font-size:14px;\"><span style=\"font-family:arial,helvetica,sans-serif;\">&Scaron;VEN\u010cIONI\u0172 R. ADUTI&Scaron;KIO PAGRINDIN\u0116S MOKYKLOS KARJEROS UGDYMO PROGRAMA 2017&ndash;2018 m. m.<\/span><\/span><\/a>\n<\/p>\n<p style=\"text-align: justify;\">\n\t&nbsp;\n<\/p>\n<p style=\"text-align: justify;\">\n\t<span style=\"font-size:14px;\"><span style=\"font-family:arial,helvetica,sans-serif;\"><a href=\"http:\/\/www2187.vu.lt\/wp-content\/uploads\/2018\/02\/3-AVUS-Karjeros-ugdymo-programa-2017-2018-m.m.-K.G..pdf\">&Scaron;VEN\u010cIONI\u0172&nbsp; ZIGMO \u017dEMAI\u010cIO GIMNAZIJOS ADUTI&Scaron;KIO VIDURINIO UGDYMO SKYRIAUS&nbsp; KARJEROS UGDYMO&nbsp; PROGRAMA 2017&ndash;2018 m. m.<\/a><\/span><\/span>\n<\/p>\n<p style=\"text-align: justify;\">\n\t&nbsp;\n<\/p>\n<p style=\"text-align: justify;\">\n\t<a href=\"http:\/\/www2187.vu.lt\/wp-content\/uploads\/2018\/02\/STUDIJOS-2013.pdf\"><span style=\"font-size:14px;\"><span style=\"font-family:arial,helvetica,sans-serif;\">STUDIJOS 2013<\/span><\/span><\/a>\n<\/p>\n<p style=\"text-align: justify;\">\n\t<a href=\"http:\/\/www2187.vu.lt\/wp-content\/uploads\/2018\/02\/Naudinga-i\u0161vyka-\u012f-LEU-ir-Arvydo-Gailiu\u0161o-servis\u0105-AUSEGRA.pdf\"><span style=\"font-size:14px;\"><span style=\"font-family:arial,helvetica,sans-serif;\">Naudinga i&scaron;vyka \u012f LEU ir Arvydo Gailiu&scaron;o servis\u0105 AUSEGRA<\/span><\/span><\/a>\n<\/p>\n<p style=\"text-align: justify;\">\n\t<a href=\"http:\/\/www2187.vu.lt\/wp-content\/uploads\/2018\/02\/Tyr\u0117j\u0173-naktis.pdf\"><span style=\"font-size:14px;\"><span style=\"font-family:arial,helvetica,sans-serif;\">Tyr\u0117j\u0173 naktis<\/span><\/span><\/a>\n<\/p>\n<p>\n\t<a href=\"http:\/\/www2187.vu.lt\/wp-content\/uploads\/2018\/02\/Konkursas-Ateities-karjera-kas-tai.pdf\"><span style=\"font-size:14px;\"><span style=\"font-family:arial,helvetica,sans-serif;\">Konkursas &quot;Ateities karjera &#8211; kas tai?<\/span><\/span><\/a>\n<\/p>\n<p>\n\t<a href=\"http:\/\/www2187.vu.lt\/wp-content\/uploads\/2018\/02\/I\u0161vyka-\u012f-UAB-Maltosa.pdf\"><span style=\"font-size:14px;\"><span style=\"font-family:arial,helvetica,sans-serif;\">I&scaron;vyka \u012f UAB &quot;Maltosa&quot;<\/span><\/span><\/a>\n<\/p>\n<p>\n\t<a href=\"http:\/\/www2187.vu.lt\/wp-content\/uploads\/2018\/02\/Studijos-2014.pdf\"><span style=\"font-family:arial,helvetica,sans-serif;\"><span style=\"font-size: 14px;\">STUDIJOS 2014<\/span><\/span><\/a>\n<\/p>\n<p style=\"text-align: justify;\">\n\t&nbsp;\n<\/p>\n<p align=\"center\">\n\t&nbsp;\n<\/p>\n<p style=\"text-align: justify;\">\n\t&nbsp;\n<\/p>\n<p style=\"text-align: justify;\">\n\t&nbsp;\n<\/p>\n<p style=\"text-align: justify;\">\n\t<span style=\"font-size:14px;\"><span style=\"font-family:arial,helvetica,sans-serif;\">&nbsp;&nbsp;&nbsp;&nbsp;&nbsp;&nbsp;&nbsp;&nbsp;&nbsp;&nbsp;<\/span><\/span>\n<\/p>\n<p style=\"text-align: justify;\">\n\t&nbsp;\n<\/p>\n<p>\n\t&nbsp;<\/p>\n","protected":false},"excerpt":{"rendered":"<p>&nbsp; Teisingai pasirinkti gyvenimo keli\u0105 &nbsp; Nuo 2013 m. sausio 14 d. mokykloje veikia karjeros centras, \u012fsteigtas mokyklai dalyvaujant 2007-2013 m. \u017dmogi&scaron;k\u0173j\u0173 i&scaron;tekli\u0173 pl\u0117tros veiksm\u0173 programos 2 prioriteto &bdquo;Mokymasis vis\u0105 gyvenim\u0105&ldquo; priemon\u0117s &bdquo;Profesinio orientavimo sistemos veiklos tobulinimas ir pl\u0117tra&ldquo; valstyb\u0117s projekte &bdquo;Ugdymo karjerai ir steb\u0117senos modeli\u0173 suk\u016brimas ir pl\u0117tra bendrajame lavinime ir profesiniame mokyme&ldquo;. Ugdymas [&hellip;]<\/p>\n","protected":false},"author":1,"featured_media":0,"parent":90,"menu_order":5,"comment_status":"closed","ping_status":"closed","template":"","meta":[],"_links":{"self":[{"href":"http:\/\/www2187.vu.lt\/index.php?rest_route=\/wp\/v2\/pages\/74"}],"collection":[{"href":"http:\/\/www2187.vu.lt\/index.php?rest_route=\/wp\/v2\/pages"}],"about":[{"href":"http:\/\/www2187.vu.lt\/index.php?rest_route=\/wp\/v2\/types\/page"}],"author":[{"embeddable":true,"href":"http:\/\/www2187.vu.lt\/index.php?rest_route=\/wp\/v2\/users\/1"}],"replies":[{"embeddable":true,"href":"http:\/\/www2187.vu.lt\/index.php?rest_route=%2Fwp%2Fv2%2Fcomments&post=74"}],"version-history":[{"count":16,"href":"http:\/\/www2187.vu.lt\/index.php?rest_route=\/wp\/v2\/pages\/74\/revisions"}],"predecessor-version":[{"id":5802,"href":"http:\/\/www2187.vu.lt\/index.php?rest_route=\/wp\/v2\/pages\/74\/revisions\/5802"}],"up":[{"embeddable":true,"href":"http:\/\/www2187.vu.lt\/index.php?rest_route=\/wp\/v2\/pages\/90"}],"wp:attachment":[{"href":"http:\/\/www2187.vu.lt\/index.php?rest_route=%2Fwp%2Fv2%2Fmedia&parent=74"}],"curies":[{"name":"wp","href":"https:\/\/api.w.org\/{rel}","templated":true}]}}