{"id":72,"date":"2015-01-18T20:52:25","date_gmt":"2015-01-18T18:52:25","guid":{"rendered":"http:\/\/www2187.vu.lt\/?page_id=72"},"modified":"2019-06-02T20:30:01","modified_gmt":"2019-06-02T17:30:01","slug":"neformalusis-svietimas","status":"publish","type":"page","link":"http:\/\/www2187.vu.lt\/?page_id=72","title":{"rendered":"Neformalusis \u0161vietimas"},"content":{"rendered":"<p style=\"text-align: center;\">\n\t<strong>&Scaron;ven\u010dioni\u0173 r. Aduti&scaron;kio pagrindin\u0117s mokyklos neformaliojo&nbsp; &scaron;vietimo u\u017esi\u0117mimai <\/strong>\n<\/p>\n<p style=\"text-align: center;\">\n\t<strong>2015-2016 m. m. I pusme\u010diui<\/strong>\n<\/p>\n<p style=\"text-align: center;\">\n\t&nbsp;\n<\/p>\n<table width=\"584\">\n<tbody>\n<tr>\n<td width=\"42\">\n\t\t\t\t<strong>&nbsp;<\/strong>\n\t\t\t<\/td>\n<td width=\"211\">\n\t\t\t\t<strong>Neformaliojo &scaron;vietimo u\u017esi\u0117mimo pavadinimas<\/strong>\n\t\t\t<\/td>\n<td width=\"104\">\n\t\t\t\t<strong>Klas\u0117s<\/strong>\n\t\t\t<\/td>\n<td width=\"227\">\n\t\t\t\t<strong>Mokytojo vardas, pavard\u0117<\/strong>\n\t\t\t<\/td>\n<\/tr>\n<tr>\n<td width=\"42\">\n\t\t\t\t1.\n\t\t\t<\/td>\n<td width=\"211\">\n\t\t\t\t&Scaron;okio b\u016brelis\n\t\t\t<\/td>\n<td width=\"104\">\n\t\t\t\t1-3\n\t\t\t<\/td>\n<td width=\"227\">\n\t\t\t\tRomut\u0117 Trusova\n\t\t\t<\/td>\n<\/tr>\n<tr>\n<td width=\"42\">\n\t\t\t\t2.\n\t\t\t<\/td>\n<td width=\"211\">\n\t\t\t\t&Scaron;okio b\u016brelis\n\t\t\t<\/td>\n<td width=\"104\">\n\t\t\t\t4-6\n\t\t\t<\/td>\n<td width=\"227\">\n\t\t\t\tRomut\u0117 Trusova\n\t\t\t<\/td>\n<\/tr>\n<tr>\n<td width=\"42\">\n\t\t\t\t3.\n\t\t\t<\/td>\n<td width=\"211\">\n\t\t\t\tKompiuterio prad\u017eiamokslio b\u016brelis\n\t\t\t<\/td>\n<td width=\"104\">\n\t\t\t\t1-2\n\t\t\t<\/td>\n<td width=\"227\">\n\t\t\t\tEdgaras Maslianikas\n\t\t\t<\/td>\n<\/tr>\n<tr>\n<td width=\"42\">\n\t\t\t\t4.\n\t\t\t<\/td>\n<td width=\"211\">\n\t\t\t\tKompiuterio prad\u017eiamokslio b\u016brelis\n\t\t\t<\/td>\n<td width=\"104\">\n\t\t\t\t3-4\n\t\t\t<\/td>\n<td width=\"227\">\n\t\t\t\tEdgaras Maslianikas\n\t\t\t<\/td>\n<\/tr>\n<tr>\n<td width=\"42\">\n\t\t\t\t5.\n\t\t\t<\/td>\n<td width=\"211\">\n\t\t\t\tSporto b\u016brelis &bdquo;B\u016bk sveikas ir stiprus&ldquo;\n\t\t\t<\/td>\n<td width=\"104\">\n\t\t\t\t5-7\n\t\t\t<\/td>\n<td width=\"227\">\n\t\t\t\tIrina Burokien\u0117\n\t\t\t<\/td>\n<\/tr>\n<tr>\n<td width=\"42\">\n\t\t\t\t6.\n\t\t\t<\/td>\n<td width=\"211\">\n\t\t\t\tAerobikos b\u016brelis\n\t\t\t<\/td>\n<td width=\"104\">\n\t\t\t\t6-10\n\t\t\t<\/td>\n<td width=\"227\">\n\t\t\t\tIrina Burokien\u0117\n\t\t\t<\/td>\n<\/tr>\n<tr>\n<td width=\"42\">\n\t\t\t\t7.\n\t\t\t<\/td>\n<td width=\"211\">\n\t\t\t\tFolkloro ansamblis &bdquo;Vosilkel\u0117&ldquo;\n\t\t\t<\/td>\n<td width=\"104\">\n\t\t\t\t5-10\n\t\t\t<\/td>\n<td width=\"227\">\n\t\t\t\tAldona Burokait\u0117\n\t\t\t<\/td>\n<\/tr>\n<tr>\n<td width=\"42\">\n\t\t\t\t8.\n\t\t\t<\/td>\n<td width=\"211\">\n\t\t\t\tJaun\u0173j\u0173 pasienie\u010di\u0173 b\u016brelis\n\t\t\t<\/td>\n<td width=\"104\">\n\t\t\t\t9-10\n\t\t\t<\/td>\n<td width=\"227\">\n\t\t\t\tLarisa Ustinavi\u010dien\u0117\n\t\t\t<\/td>\n<\/tr>\n<\/tbody>\n<\/table>\n<p>\n\t&nbsp;\n<\/p>\n<p style=\"text-align: center;\">\n\t<strong>&Scaron;ven\u010dioni\u0173 r. Aduti&scaron;kio pagrindin\u0117s mokyklos Svirk\u0173 skyriaus neformaliojo &scaron;vietimo u\u017esi\u0117mimai 2015-2016 m.m. I pusme\u010diui<\/strong>\n<\/p>\n<p>\n\t<strong>&nbsp;<\/strong>\n<\/p>\n<table width=\"584\">\n<tbody>\n<tr>\n<td width=\"42\">\n\t\t\t\t<strong>Eil. Nr. <\/strong>\n\t\t\t<\/td>\n<td width=\"211\">\n\t\t\t\t<strong>Neformalaus &scaron;vietimo u\u017esi\u0117mimo pavadinimas<\/strong>\n\t\t\t<\/td>\n<td width=\"104\">\n\t\t\t\t<strong>Klas\u0117s<\/strong>\n\t\t\t<\/td>\n<td width=\"227\">\n\t\t\t\t<strong>Mokytojo vardas, pavard\u0117<\/strong>\n\t\t\t<\/td>\n<\/tr>\n<tr>\n<td width=\"42\">\n\t\t\t\t1.\n\t\t\t<\/td>\n<td width=\"211\">\n\t\t\t\tMa\u017e\u0173j\u0173 meninink\u0173 b\u016brelis\n\t\t\t<\/td>\n<td width=\"104\">\n\t\t\t\t2-6\n\t\t\t<\/td>\n<td width=\"227\">\n\t\t\t\tSvetlana Men\u010dinskien\u0117\n\t\t\t<\/td>\n<\/tr>\n<tr>\n<td width=\"42\">\n\t\t\t\t2.\n\t\t\t<\/td>\n<td width=\"211\">\n\t\t\t\tMuzikos b\u016brelis &bdquo;Pop &scaron;ou&ldquo;\n\t\t\t<\/td>\n<td width=\"104\">\n\t\t\t\t1-4\n\t\t\t<\/td>\n<td width=\"227\">\n\t\t\t\tJolita Budryt\u0117-Abromavi\u010dien\u0117\n\t\t\t<\/td>\n<\/tr>\n<tr>\n<td width=\"42\">\n\t\t\t\t3.\n\t\t\t<\/td>\n<td width=\"211\">\n\t\t\t\tSporto b\u016brelis &bdquo;B\u016bk sveikas ir stiprus&ldquo;\n\t\t\t<\/td>\n<td width=\"104\">\n\t\t\t\t5-8\n\t\t\t<\/td>\n<td width=\"227\">\n\t\t\t\tIrina Burokien\u0117\n\t\t\t<\/td>\n<\/tr>\n<\/tbody>\n<\/table>\n<p>\n\t&nbsp;<\/p>\n","protected":false},"excerpt":{"rendered":"<p>&Scaron;ven\u010dioni\u0173 r. Aduti&scaron;kio pagrindin\u0117s mokyklos neformaliojo&nbsp; &scaron;vietimo u\u017esi\u0117mimai 2015-2016 m. m. I pusme\u010diui &nbsp; &nbsp; Neformaliojo &scaron;vietimo u\u017esi\u0117mimo pavadinimas Klas\u0117s Mokytojo vardas, pavard\u0117 1. &Scaron;okio b\u016brelis 1-3 Romut\u0117 Trusova 2. &Scaron;okio b\u016brelis 4-6 Romut\u0117 Trusova 3. Kompiuterio prad\u017eiamokslio b\u016brelis 1-2 Edgaras Maslianikas 4. Kompiuterio prad\u017eiamokslio b\u016brelis 3-4 Edgaras Maslianikas 5. Sporto b\u016brelis &bdquo;B\u016bk sveikas ir [&hellip;]<\/p>\n","protected":false},"author":1,"featured_media":0,"parent":7,"menu_order":3,"comment_status":"closed","ping_status":"closed","template":"","meta":[],"_links":{"self":[{"href":"http:\/\/www2187.vu.lt\/index.php?rest_route=\/wp\/v2\/pages\/72"}],"collection":[{"href":"http:\/\/www2187.vu.lt\/index.php?rest_route=\/wp\/v2\/pages"}],"about":[{"href":"http:\/\/www2187.vu.lt\/index.php?rest_route=\/wp\/v2\/types\/page"}],"author":[{"embeddable":true,"href":"http:\/\/www2187.vu.lt\/index.php?rest_route=\/wp\/v2\/users\/1"}],"replies":[{"embeddable":true,"href":"http:\/\/www2187.vu.lt\/index.php?rest_route=%2Fwp%2Fv2%2Fcomments&post=72"}],"version-history":[{"count":11,"href":"http:\/\/www2187.vu.lt\/index.php?rest_route=\/wp\/v2\/pages\/72\/revisions"}],"predecessor-version":[{"id":5798,"href":"http:\/\/www2187.vu.lt\/index.php?rest_route=\/wp\/v2\/pages\/72\/revisions\/5798"}],"up":[{"embeddable":true,"href":"http:\/\/www2187.vu.lt\/index.php?rest_route=\/wp\/v2\/pages\/7"}],"wp:attachment":[{"href":"http:\/\/www2187.vu.lt\/index.php?rest_route=%2Fwp%2Fv2%2Fmedia&parent=72"}],"curies":[{"name":"wp","href":"https:\/\/api.w.org\/{rel}","templated":true}]}}