{"id":70,"date":"2015-01-18T20:51:43","date_gmt":"2015-01-18T18:51:43","guid":{"rendered":"http:\/\/www2187.vu.lt\/?page_id=70"},"modified":"2019-09-27T09:08:47","modified_gmt":"2019-09-27T06:08:47","slug":"ugdymo-planas","status":"publish","type":"page","link":"http:\/\/www2187.vu.lt\/?page_id=70","title":{"rendered":"Ugdymo planas"},"content":{"rendered":"<p style=\"text-align: center;\">\n\t&nbsp;\n<\/p>\n<p style=\"text-align: center;\">\n\t<strong><a href=\"http:\/\/www2187.vu.lt\/wp-content\/uploads\/2019\/09\/UP_Adut_2019.pdf\">&Scaron;VEN\u010cIONI\u0172 R. ADUTI&Scaron;KIO PAGRINDIN\u0116S MOKYKLOS 2019&ndash;2020 MOKSLO MET\u0172 PRADINIO IR PAGRINDINIO UGDYMO PROGRAM\u0172 UGDYMO PLANAS<\/a><\/strong>\n<\/p>\n<p>\n\t<!-- \n\n\n\n\n<p style=\"text-align: center;\">\n\t<strong><a href=\"http:\/\/www2187.vu.lt\/wp-content\/uploads\/2018\/12\/UP_APM_2018-2019_PATVIRTINTAS_-2018-08-31.pdf\">&Scaron;VEN\u010cIONI\u0172 R. ADUTI&Scaron;KIO PAGRINDIN\u0116S MOKYKLOS 2018-2019 MOKSLO MET\u0172 PRADINIO IR PAGRINDINIO UGDYMO PROGRAM\u0172 UGDYMO PLANAS<\/a><\/strong>\n<\/p>\n\n\n\n\n\n\n\n\n\n<p style=\"text-align: center;\">\n\t<strong><a href=\"http:\/\/www2187.vu.lt\/wp-content\/uploads\/2017\/09\/UP_APM_2017-2018_2017-09-04.pdf\">&Scaron;VEN\u010cIONI\u0172 R. ADUTI&Scaron;KIO PAGRINDIN\u0116S MOKYKLOS 2017&ndash;2018 MOKSLO MET\u0172 PRADINIO IR PAGRINDINIO UGDYMO PROGRAM\u0172 UGDYMO PLANAS<\/a><\/strong>\n<\/p>\n\n\n\n\n\n\n\n\n\n<p style=\"text-align: center;\">\n\t<strong><a href=\"http:\/\/www2187.vu.lt\/wp-content\/uploads\/2016\/12\/UP_APM_2016-2017-3.pdf\">&Scaron;VEN\u010cIONI\u0172 R. ADUTI&Scaron;KIO PAGRINDIN\u0116S MOKYKLOS 2016&ndash;2017 MOKSLO MET\u0172 PRADINIO IR PAGRINDINIO UGDYMO PROGRAM\u0172 UGDYMO PLANAS<\/a><\/strong>\n<\/p>\n\n\n\n\n\n\n\n\n\n<p style=\"text-align: center;\">\n\t<strong><a href=\"http:\/\/www2187.vu.lt\/wp-content\/uploads\/2015\/01\/UP_APM_2015-2016.pdf\">&Scaron;VEN\u010cIONI\u0172 R. ADUTI&Scaron;KIO PAGRINDIN\u0116S MOKYKLOS 2015&ndash;2016 MOKSLO MET\u0172 PRADINIO IR PAGRINDINIO UGDYMO PROGRAM\u0172 UGDYMO PLANAS<\/a><\/strong>\n<\/p>\n\n\n\n\n\n\n\n\n\n<p>\n\t&nbsp;\n<\/p>\n\n\n\n\n\n--><\/p>\n","protected":false},"excerpt":{"rendered":"<p>&nbsp; &Scaron;VEN\u010cIONI\u0172 R. ADUTI&Scaron;KIO PAGRINDIN\u0116S MOKYKLOS 2019&ndash;2020 MOKSLO MET\u0172 PRADINIO IR PAGRINDINIO UGDYMO PROGRAM\u0172 UGDYMO PLANAS<\/p>\n","protected":false},"author":1,"featured_media":0,"parent":4,"menu_order":4,"comment_status":"closed","ping_status":"closed","template":"","meta":[],"_links":{"self":[{"href":"http:\/\/www2187.vu.lt\/index.php?rest_route=\/wp\/v2\/pages\/70"}],"collection":[{"href":"http:\/\/www2187.vu.lt\/index.php?rest_route=\/wp\/v2\/pages"}],"about":[{"href":"http:\/\/www2187.vu.lt\/index.php?rest_route=\/wp\/v2\/types\/page"}],"author":[{"embeddable":true,"href":"http:\/\/www2187.vu.lt\/index.php?rest_route=\/wp\/v2\/users\/1"}],"replies":[{"embeddable":true,"href":"http:\/\/www2187.vu.lt\/index.php?rest_route=%2Fwp%2Fv2%2Fcomments&post=70"}],"version-history":[{"count":13,"href":"http:\/\/www2187.vu.lt\/index.php?rest_route=\/wp\/v2\/pages\/70\/revisions"}],"predecessor-version":[{"id":5993,"href":"http:\/\/www2187.vu.lt\/index.php?rest_route=\/wp\/v2\/pages\/70\/revisions\/5993"}],"up":[{"embeddable":true,"href":"http:\/\/www2187.vu.lt\/index.php?rest_route=\/wp\/v2\/pages\/4"}],"wp:attachment":[{"href":"http:\/\/www2187.vu.lt\/index.php?rest_route=%2Fwp%2Fv2%2Fmedia&parent=70"}],"curies":[{"name":"wp","href":"https:\/\/api.w.org\/{rel}","templated":true}]}}