{"id":5817,"date":"2019-06-02T21:42:57","date_gmt":"2019-06-02T18:42:57","guid":{"rendered":"http:\/\/www2187.vu.lt\/?page_id=5817"},"modified":"2019-11-07T09:35:19","modified_gmt":"2019-11-07T07:35:19","slug":"asmens-duomenu-apsauga","status":"publish","type":"page","link":"http:\/\/www2187.vu.lt\/?page_id=5817","title":{"rendered":"Asmens duomen\u0173 apsauga"},"content":{"rendered":"<p>\n\t&nbsp;\n<\/p>\n<p>\n\t&nbsp;\n<\/p>\n<p style=\"text-align: center;\">\n\t<a href=\"http:\/\/www2187.vu.lt\/wp-content\/uploads\/2019\/11\/Asmens-duomenu-tvarkymo-naudojimo-ir-saugojimo-taisykles_2018-03-22.pdf&#10;\"><b><span style=\"font-size:12.0pt;line-height:107%;&#10;font-family:&quot;Times New Roman&quot;,serif;mso-fareast-font-family:&quot;Times New Roman&quot;;&#10;color:#111111;mso-ansi-language:LT;mso-fareast-language:LT;mso-bidi-language:&#10;AR-SA\">&Scaron;VEN\u010cIONI\u0172 R. ADUTI&Scaron;KIO PAGRINDIN\u0116S MOKYKLOS ASMENS DUOMEN\u0172 TVARKYMO, NAUDOJIMO IR SAUGOJIMO TAISYKL\u0116S<\/span><\/b> <\/a>\n<\/p>\n<p>\n\t<!-- \n\n\n\n\n\n\n\n\n<p>\n\t<img alt=\"\" src=\"http:\/\/www2187.vu.lt\/wp-content\/uploads\/2019\/06\/underconstructiom3.png\" style=\"width: 550px; height: 400px;\" \/>\n<\/p>\n\n\n\n\n\n\n\n\n --><\/p>\n","protected":false},"excerpt":{"rendered":"<p>&nbsp; &nbsp; &Scaron;VEN\u010cIONI\u0172 R. ADUTI&Scaron;KIO PAGRINDIN\u0116S MOKYKLOS ASMENS DUOMEN\u0172 TVARKYMO, NAUDOJIMO IR SAUGOJIMO TAISYKL\u0116S<\/p>\n","protected":false},"author":1,"featured_media":0,"parent":0,"menu_order":5,"comment_status":"closed","ping_status":"closed","template":"","meta":[],"_links":{"self":[{"href":"http:\/\/www2187.vu.lt\/index.php?rest_route=\/wp\/v2\/pages\/5817"}],"collection":[{"href":"http:\/\/www2187.vu.lt\/index.php?rest_route=\/wp\/v2\/pages"}],"about":[{"href":"http:\/\/www2187.vu.lt\/index.php?rest_route=\/wp\/v2\/types\/page"}],"author":[{"embeddable":true,"href":"http:\/\/www2187.vu.lt\/index.php?rest_route=\/wp\/v2\/users\/1"}],"replies":[{"embeddable":true,"href":"http:\/\/www2187.vu.lt\/index.php?rest_route=%2Fwp%2Fv2%2Fcomments&post=5817"}],"version-history":[{"count":4,"href":"http:\/\/www2187.vu.lt\/index.php?rest_route=\/wp\/v2\/pages\/5817\/revisions"}],"predecessor-version":[{"id":6188,"href":"http:\/\/www2187.vu.lt\/index.php?rest_route=\/wp\/v2\/pages\/5817\/revisions\/6188"}],"wp:attachment":[{"href":"http:\/\/www2187.vu.lt\/index.php?rest_route=%2Fwp%2Fv2%2Fmedia&parent=5817"}],"curies":[{"name":"wp","href":"https:\/\/api.w.org\/{rel}","templated":true}]}}