{"id":4752,"date":"2018-05-07T13:55:50","date_gmt":"2018-05-07T10:55:50","guid":{"rendered":"http:\/\/www2187.vu.lt\/?page_id=4752"},"modified":"2020-05-07T14:36:24","modified_gmt":"2020-05-07T11:36:24","slug":"vadovo-veikla","status":"publish","type":"page","link":"http:\/\/www2187.vu.lt\/?page_id=4752","title":{"rendered":"Vadovo veikla"},"content":{"rendered":"<p style=\"text-align: center;\">\n\t<span style=\"display: inline !important; float: none; background-color: transparent; color: rgb(49, 51, 31); font-family: Arial,Helvetica,Sans-Serif; font-size: 13px; font-style: normal; font-variant: normal; font-weight: 400; letter-spacing: normal; orphans: 2; text-align: center; text-decoration: none; text-indent: 0px; text-transform: none; -webkit-text-stroke-width: 0px; white-space: normal; word-spacing: 0px;\">VADOVO VEIKLOS ATASKAITOS<\/span>\n<\/p>\n<p>\n\t<a href=\"http:\/\/www2187.vu.lt\/wp-content\/uploads\/2020\/05\/Uziala_isvada.pdf\"><span style=\"font-size:14px;\"><span style=\"font-family:arial,helvetica,sans-serif;\">&Scaron;VEN\u010cIONI\u0172 R. ADUTI&Scaron;KIO PAGRINDIN\u0116S MOKYKLOS VADOVO 2019 MET\u0172 VEIKLOS VERTINIMO I&Scaron;VADA<\/span><\/span><\/a>\n<\/p>\n<p>\n\t<a href=\"http:\/\/www2187.vu.lt\/wp-content\/uploads\/2018\/05\/Vadovo_ataskaita_2017_APM_AU-1.pdf\"><span style=\"font-size:14px;\"><span style=\"font-family:arial,helvetica,sans-serif;\">&Scaron;VEN\u010cIONI\u0172 R. ADUTI&Scaron;KIO PAGRINDIN\u0116S MOKYKLOS DIREKTORIAUS PAVADUOTOJO UGDYMUI, LAIKINAI EINAN\u010cIO DIREKTORIAUS PAREIGAS 2017 MET\u0172 VEIKLOS ATASKAITA<\/span><\/span><\/a>\n<\/p>\n<p style=\"text-align: center;\">\n\t<span style=\"display: inline !important; float: none; background-color: transparent; color: rgb(49, 51, 31); font-family: Arial,Helvetica,Sans-Serif; font-size: 13px; font-style: normal; font-variant: normal; font-weight: 400; letter-spacing: normal; orphans: 2; text-align: center; text-decoration: none; text-indent: 0px; text-transform: none; -webkit-text-stroke-width: 0px; white-space: normal; word-spacing: 0px;\">VADOVO VEIKLOS U\u017dDUOTYS<\/span>\n<\/p>\n<p>\n\t<a href=\"http:\/\/www2187.vu.lt\/wp-content\/uploads\/2019\/05\/ineo22220190322101512.pdf\"><span style=\"font-family:arial,helvetica,sans-serif;\"><span style=\"font-size:14px;\">&Scaron;VEN\u010cIONI\u0172 R. ADUTI&Scaron;KIO PAGRINDIN\u0116S MOKYKLOS DIREKTORIAUS PAVADUOTOJO UGDYMUI, LAIKINAI EINAN\u010cIO DIREKTORIAUS PAREIGAS ALGIRDO UZIALOS 2018 M. VEIKLOS VERTINIMO I&Scaron;VADOS IR 2019 M. U\u017dDUOTYS BEI SIEKTINI REZULTATAI <\/span><\/span><\/a>\n<\/p>\n<p>\n\t<a href=\"http:\/\/www2187.vu.lt\/wp-content\/uploads\/2018\/05\/metin\u0117_u\u017eduotis_2018_AM-veiklos.pdf\"><span style=\"font-family:arial,helvetica,sans-serif;\"><span style=\"font-size:14px;\">&Scaron;VEN\u010cIONI\u0172 R. ADUTI&Scaron;KIO PAGRINDIN\u0116S MOKYKLOS DIREKTORIAUS PAVADUOTOJO UGDYMUI ALGIRDO UZIALOS 2017 MET\u0172 METIN\u0116S VEIKLOS U\u017dDUOTYS<\/span><\/span><\/a>\n<\/p>\n<p>\n\t&nbsp;\n<\/p>\n<p>\n\t<span style=\"display: inline !important; float: none; background-color: transparent; color: rgb(49, 51, 31); font-family: Arial,Helvetica,Sans-Serif; font-size: 13px; font-style: normal; font-variant: normal; font-weight: 400; letter-spacing: normal; orphans: 2; text-align: justify; text-decoration: none; text-indent: 0px; text-transform: none; -webkit-text-stroke-width: 0px; white-space: normal; word-spacing: 0px;\">&Scaron;VEN\u010cIONI\u0172 RAJONO SAVIVALDYB\u0116S MERO POTVARKIS &bdquo;D\u0116L &Scaron;VEN\u010cIONI\u0172 RAJONO SAVIVALDYB\u0116S &Scaron;VIETIMO \u012eSTAIG\u0172 VADOV\u0172 2018 MET\u0172 U\u017dDUO\u010cI\u0172 NUSTATYMO&ldquo; &ndash;<\/span><a href=\"http:\/\/www2114.vu.lt\/wp-content\/uploads\/2018\/05\/V1-41-04-18-nuorasas.pdf\" style=\"background-color: transparent; color: rgb(108, 111, 68); font-family: Arial,Helvetica,Sans-Serif; font-size: 13px; font-style: normal; font-variant: normal; font-weight: 400; letter-spacing: normal; orphans: 2; text-align: justify; text-decoration: underline; text-indent: 0px; text-transform: none; -webkit-text-stroke-width: 0px; white-space: normal; word-spacing: 0px;\">elektroninio dokumento nuora&scaron;as<\/a>\n<\/p>\n<p>\n\t&nbsp;\n<\/p>\n<p>\n\t&nbsp;\n<\/p>\n<p>\n\t&nbsp;\n<\/p>\n<p>\n\t&nbsp;\n<\/p>\n<p>\n\t&nbsp;\n<\/p>\n<p>\n\t&nbsp;\n<\/p>\n<p>\n\t&nbsp;\n<\/p>\n<p>\n\t&nbsp;\n<\/p>\n<p>\n\t&nbsp;\n<\/p>\n<p>\n\t&nbsp;\n<\/p>\n<p>\n\t&nbsp;\n<\/p>\n<p>\n\t&nbsp;<\/p>\n","protected":false},"excerpt":{"rendered":"<p>VADOVO VEIKLOS ATASKAITOS &Scaron;VEN\u010cIONI\u0172 R. ADUTI&Scaron;KIO PAGRINDIN\u0116S MOKYKLOS VADOVO 2019 MET\u0172 VEIKLOS VERTINIMO I&Scaron;VADA &Scaron;VEN\u010cIONI\u0172 R. ADUTI&Scaron;KIO PAGRINDIN\u0116S MOKYKLOS DIREKTORIAUS PAVADUOTOJO UGDYMUI, LAIKINAI EINAN\u010cIO DIREKTORIAUS PAREIGAS 2017 MET\u0172 VEIKLOS ATASKAITA VADOVO VEIKLOS U\u017dDUOTYS &Scaron;VEN\u010cIONI\u0172 R. ADUTI&Scaron;KIO PAGRINDIN\u0116S MOKYKLOS DIREKTORIAUS PAVADUOTOJO UGDYMUI, LAIKINAI EINAN\u010cIO DIREKTORIAUS PAREIGAS ALGIRDO UZIALOS 2018 M. VEIKLOS VERTINIMO I&Scaron;VADOS IR 2019 M. [&hellip;]<\/p>\n","protected":false},"author":1,"featured_media":0,"parent":4,"menu_order":4,"comment_status":"closed","ping_status":"closed","template":"","meta":[],"_links":{"self":[{"href":"http:\/\/www2187.vu.lt\/index.php?rest_route=\/wp\/v2\/pages\/4752"}],"collection":[{"href":"http:\/\/www2187.vu.lt\/index.php?rest_route=\/wp\/v2\/pages"}],"about":[{"href":"http:\/\/www2187.vu.lt\/index.php?rest_route=\/wp\/v2\/types\/page"}],"author":[{"embeddable":true,"href":"http:\/\/www2187.vu.lt\/index.php?rest_route=\/wp\/v2\/users\/1"}],"replies":[{"embeddable":true,"href":"http:\/\/www2187.vu.lt\/index.php?rest_route=%2Fwp%2Fv2%2Fcomments&post=4752"}],"version-history":[{"count":8,"href":"http:\/\/www2187.vu.lt\/index.php?rest_route=\/wp\/v2\/pages\/4752\/revisions"}],"predecessor-version":[{"id":6646,"href":"http:\/\/www2187.vu.lt\/index.php?rest_route=\/wp\/v2\/pages\/4752\/revisions\/6646"}],"up":[{"embeddable":true,"href":"http:\/\/www2187.vu.lt\/index.php?rest_route=\/wp\/v2\/pages\/4"}],"wp:attachment":[{"href":"http:\/\/www2187.vu.lt\/index.php?rest_route=%2Fwp%2Fv2%2Fmedia&parent=4752"}],"curies":[{"name":"wp","href":"https:\/\/api.w.org\/{rel}","templated":true}]}}