{"id":4553,"date":"2018-03-16T09:33:13","date_gmt":"2018-03-16T07:33:13","guid":{"rendered":"http:\/\/www2187.vu.lt\/?page_id=4553"},"modified":"2019-06-02T20:34:13","modified_gmt":"2019-06-02T17:34:13","slug":"muziejus","status":"publish","type":"page","link":"http:\/\/www2187.vu.lt\/?page_id=4553","title":{"rendered":"Muziejus"},"content":{"rendered":"<p style=\"text-align: justify;\">\n\t<span style=\"font-size:14px;\"><span style=\"font-family:arial,helvetica,sans-serif;\">Mokyklos muziejus \u012fkurtas mokytojos kra&scaron;totyrinink\u0117s&nbsp; Teres\u0117s Pivori\u016bnait\u0117s. Mokytoja pati vaik&scaron;\u010diojo per kaimus ir rinko eksponatus, juos kaup\u0117 daug met\u0173, net ir \u012fk\u016brusi muziej\u0173 \u0117jo pas \u017emones, su jais bendravo, u\u017era&scaron;in\u0117jo atsiminimus. Mok\u0117davo prakalbinti kiekvien\u0105 senel\u012f, mo\u010diut\u0119, kruop&scaron;\u010diai rinko j\u0173 kiekvien\u0105 \u017eodel\u012f, d\u0117liojo \u012f Aduti&scaron;kio kra&scaron;to istorij\u0105. Surinkta ne tik vertinga istorin\u0117, etnografin\u0117 med\u017eiaga apie u\u017emar&scaron;tin i&scaron;\u0117jusius \u017emones, i&scaron;tisus kaimus, bet u\u017era&scaron;yti ir pa&scaron;maik&scaron;tavimai, ir linksmi pasakojimai.<\/span><\/span>\n<\/p>\n<p style=\"text-align: justify;\">\n\t<span style=\"font-size:14px;\"><span style=\"font-family:arial,helvetica,sans-serif;\">2017 metais mokykla renovavo muziejaus patalpas. &Scaron;viesios ir erdvios patalpos su\u017eibo naujomis spalvomis ir atnaujinta ekspozicija. Yra atskiras kambar\u0117lis fondams. Ekspozicijose ir fonduose kaupiama med\u017eiaga apie mokykl\u0105, gyvenamosios vietov\u0117s ir aplinkini\u0173 kaimo mokykl\u0173 istorij\u0105, med\u017eiaga apie tremt\u012f ir partizanus, mokyklos abiturientus ir mokytojus. Muziejuje yra&nbsp; 5 skyriai: buities rakandai, numizmatika ir maldaknyg\u0117s, mokyklini\u0173 priemoni\u0173 ir vadov\u0117li\u0173 kampelis, elektros ir technikos eksponatai, suvenyrai. Pagrindin\u0117s muziejaus veiklos kryptys:<\/span><\/span>\n<\/p>\n<p style=\"font-size: 13px; text-align: justify;\">\n\t<span style=\"font-size: 14px;\"><span style=\"font-family: arial, helvetica, sans-serif;\">&nbsp; &nbsp; &nbsp; &nbsp; &nbsp; &bull;&nbsp;<\/span><\/span><span style=\"font-family: arial, helvetica, sans-serif; font-size: 14px;\">rinkti, sisteminti, eksponuoti ir i&scaron;saugoti istorin\u0119 mokyklos med\u017eiag\u0105 ateinan\u010dioms kartoms;<\/span>\n<\/p>\n<p style=\"font-size: 13px; text-align: justify;\">\n\t<span style=\"font-family: arial, helvetica, sans-serif; font-size: 14px;\">&nbsp; &nbsp; &nbsp; &nbsp; &nbsp;&nbsp;<\/span><span style=\"font-size: 14px;\"><span style=\"font-family: arial, helvetica, sans-serif;\">&bull;&nbsp;<\/span><\/span><span style=\"font-family: arial, helvetica, sans-serif; font-size: 14px;\">kaupti med\u017eiag\u0105 apie buvusius mokytojus bei mokinius;<\/span>\n<\/p>\n<p style=\"font-size: 13px; text-align: justify;\">\n\t<span style=\"font-family: arial, helvetica, sans-serif; font-size: 14px;\">&nbsp; &nbsp; &nbsp; &nbsp; &nbsp;&nbsp;<\/span><span style=\"font-size: 14px;\"><span style=\"font-family: arial, helvetica, sans-serif;\">&bull;&nbsp;<\/span><\/span><span style=\"font-family: arial, helvetica, sans-serif; font-size: 14px;\">panaudoti muziejaus fondus ugdomajame procese;<\/span>\n<\/p>\n<p style=\"font-size: 13px; text-align: justify;\">\n\t<span style=\"font-family: arial, helvetica, sans-serif; font-size: 14px;\">&nbsp; &nbsp; &nbsp; &nbsp; &nbsp;&nbsp;<\/span><span style=\"font-size: 14px;\"><span style=\"font-family: arial, helvetica, sans-serif;\">&bull;&nbsp;<\/span><\/span><span style=\"font-family: arial, helvetica, sans-serif; font-size: 14px;\">rengti ir vykdyti edukacines programas.<\/span>\n<\/p>\n<p style=\"text-align: justify;\">\n\t<span style=\"font-size:14px;\"><span style=\"font-family:arial,helvetica,sans-serif;\">Mokykloje veikia <em>Jaun\u0173j\u0173 muziejinink\u0173 b\u016brelis. <\/em>B\u016brelio veiklos tikslas ir u\u017edaviniai:<\/span><\/span>\n<\/p>\n<p style=\"text-align: justify;\">\n\t<span style=\"font-family: arial, helvetica, sans-serif; font-size: 14px; text-align: justify;\">&nbsp; &nbsp; &nbsp; &nbsp; &nbsp; &bull;&nbsp;<\/span><span style=\"font-size:14px;\"><span style=\"font-family:arial,helvetica,sans-serif;\">susipa\u017einti su muziejuje sukaupta kra&scaron;totyrine med\u017eiaga;<\/span><\/span>\n<\/p>\n<p style=\"text-align: justify;\">\n\t<span style=\"font-size:14px;\"><span style=\"font-family:arial,helvetica,sans-serif;\">&nbsp; &nbsp; &nbsp;<\/span><\/span><span style=\"font-family: arial, helvetica, sans-serif; font-size: 14px;\">&bull;&nbsp;<\/span><span style=\"font-size: 14px;\"><span style=\"font-family:arial,helvetica,sans-serif;\">rinkti, klasifikuoti ir saugoti kra&scaron;totyrin\u0119 med\u017eiag\u0105, panaudoti j\u0105 per pamokas, popamokin\u0117je veikloje;<\/span><\/span>\n<\/p>\n<p style=\"text-align: justify;\">\n\t<span style=\"font-family: arial, helvetica, sans-serif; font-size: 14px; text-align: justify;\">&nbsp; &nbsp; &nbsp; &nbsp; &nbsp; &bull;&nbsp;<\/span><span style=\"font-size:14px;\"><span style=\"font-family:arial,helvetica,sans-serif;\">pl\u0117sti mokini\u0173 \u017einias apie Aduti&scaron;kio \u017eymius \u017emones;<\/span><\/span>\n<\/p>\n<p style=\"text-align: justify;\">\n\t<span style=\"font-family: arial, helvetica, sans-serif; font-size: 14px; text-align: justify;\">&nbsp; &nbsp; &nbsp; &nbsp; &nbsp; &bull;&nbsp;<\/span><span style=\"font-size:14px;\"><span style=\"font-family:arial,helvetica,sans-serif;\">vykdyti edukacin\u0119 veikl\u0105;<\/span><\/span>\n<\/p>\n<p style=\"text-align: justify;\">\n\t<span style=\"font-family: arial, helvetica, sans-serif; font-size: 14px; text-align: justify;\">&nbsp; &nbsp; &nbsp; &nbsp; &nbsp; &bull;&nbsp;<\/span><span style=\"font-size:14px;\"><span style=\"font-family:arial,helvetica,sans-serif;\">brandinti tiriamojo darbo ir projektin\u0117s veiklos \u012fg\u016bd\u017eius;<\/span><\/span>\n<\/p>\n<p style=\"text-align: justify;\">\n\t<span style=\"font-family: arial, helvetica, sans-serif; font-size: 14px; text-align: justify;\">&nbsp; &nbsp; &nbsp; &nbsp; &nbsp; &bull;&nbsp;<\/span><span style=\"font-size:14px;\"><span style=\"font-family:arial,helvetica,sans-serif;\">skatinti mokinius dom\u0117tis muziejininkyste.<\/span><\/span>\n<\/p>\n<p style=\"text-align: justify;\">\n\t<span style=\"font-size:14px;\"><span style=\"font-family:arial,helvetica,sans-serif;\">Mokyklos muziejus priima lankytojus i&scaron; visos Lietuvos: mokykl\u0173, kult\u016bros \u012fstaig\u0173, pavienius turistus i&scaron; \u012fvairi\u0173 m\u016bs\u0173 &scaron;alies viet\u0173. Muziejaus lankytojai turi galimyb\u0119 palikti atsiliepimus apie muziej\u0173 sve\u010di\u0173 knygoje.<\/span><\/span>\n<\/p>\n<p style=\"text-align: justify;\">\n\t&nbsp;\n<\/p>\n<p style=\"text-align: justify;\">\n\t<a href=\"http:\/\/www2187.vu.lt\/wp-content\/uploads\/2018\/03\/muziejaus-nuostatai-1.pdf\"><span style=\"font-size:14px;\"><span style=\"font-family:arial,helvetica,sans-serif;\">&Scaron;VEN\u010cIONI\u0172 R. ADUTI&Scaron;KIO PAGRINDIN\u0116S MOKYKLOS MUZIEJAUS NUOSTATAI<\/span><\/span><\/a>\n<\/p>\n<p style=\"text-align: justify;\">\n\t<a href=\"http:\/\/www2187.vu.lt\/wp-content\/uploads\/2018\/03\/muziejaus-programa-1.pdf\"><span style=\"font-size:14px;\"><span style=\"font-family:arial,helvetica,sans-serif;\">&Scaron;VEN\u010cIONI\u0172 R. ADUTI&Scaron;KIO PAGRINDIN\u0116S MOKYKLOS MUZIEJAUS VEIKLOS PROGRAMA 2017 &ndash;2020 METAMS<\/span><\/span><\/a>\n<\/p>\n<p style=\"text-align: justify;\">\n\t<div class=\"foogallery foogallery-container foogallery-image-viewer foogallery-link-image foogallery-lightbox-none fg-center fg-image-viewer fg-light fg-border-thin fg-shadow-outline fg-loading-default fg-loaded-fade-in fg-caption-hover fg-hover-fade fg-hover-zoom fg-ready\" id=\"foogallery-gallery-4562\" data-foogallery=\"{&quot;item&quot;:{&quot;showCaptionTitle&quot;:true,&quot;showCaptionDescription&quot;:true},&quot;lazy&quot;:true,&quot;template&quot;:{&quot;loop&quot;:true}}\" >\r\n\t<div class=\"fiv-inner\">\r\n\t\t<div class=\"fiv-inner-container\">\r\n\t\t\t<div class=\"fg-item fg-type-image fg-idle\"><figure class=\"fg-item-inner\"><a href=\"http:\/\/www2187.vu.lt\/wp-content\/uploads\/2018\/03\/P1010139.jpg\" data-caption-title=\"OLYMPUS DIGITAL CAMERA\" data-attachment-id=\"4563\" class=\"fg-thumb\"><span class=\"fg-image-wrap\"><img title=\"OLYMPUS DIGITAL CAMERA\" width=\"640\" height=\"360\" class=\"skip-lazy fg-image\" data-src-fg=\"http:\/\/www2187.vu.lt\/wp-content\/uploads\/cache\/2018\/03\/P1010139\/777027916.jpg\" src=\"data:image\/svg+xml,%3Csvg%20xmlns=%22http%3A%2F%2Fwww.w3.org%2F2000%2Fsvg%22%20viewBox=%220%200%20640%20360%22%3E%3C\/svg%3E\" \/><\/span><span class=\"fg-image-overlay\"><\/span><\/a><figcaption class=\"fg-caption\"><div class=\"fg-caption-inner\"><div class=\"fg-caption-title\">OLYMPUS DIGITAL CAMERA<\/div><\/div><\/figcaption><\/figure><div class=\"fg-loader\"><\/div><\/div><div class=\"fg-item fg-type-image fg-idle\"><figure class=\"fg-item-inner\"><a href=\"http:\/\/www2187.vu.lt\/wp-content\/uploads\/2018\/03\/P1010141.jpg\" data-caption-title=\"OLYMPUS DIGITAL CAMERA\" data-attachment-id=\"4564\" class=\"fg-thumb\"><span class=\"fg-image-wrap\"><img title=\"OLYMPUS DIGITAL CAMERA\" width=\"640\" height=\"360\" class=\"skip-lazy fg-image\" data-src-fg=\"http:\/\/www2187.vu.lt\/wp-content\/uploads\/cache\/2018\/03\/P1010141\/451323921.jpg\" src=\"data:image\/svg+xml,%3Csvg%20xmlns=%22http%3A%2F%2Fwww.w3.org%2F2000%2Fsvg%22%20viewBox=%220%200%20640%20360%22%3E%3C\/svg%3E\" \/><\/span><span class=\"fg-image-overlay\"><\/span><\/a><figcaption class=\"fg-caption\"><div class=\"fg-caption-inner\"><div class=\"fg-caption-title\">OLYMPUS DIGITAL CAMERA<\/div><\/div><\/figcaption><\/figure><div class=\"fg-loader\"><\/div><\/div><div class=\"fg-item fg-type-image fg-idle\"><figure class=\"fg-item-inner\"><a href=\"http:\/\/www2187.vu.lt\/wp-content\/uploads\/2018\/03\/P1010142.jpg\" data-caption-title=\"OLYMPUS DIGITAL CAMERA\" data-attachment-id=\"4565\" class=\"fg-thumb\"><span class=\"fg-image-wrap\"><img title=\"OLYMPUS DIGITAL CAMERA\" width=\"640\" height=\"360\" class=\"skip-lazy fg-image\" data-src-fg=\"http:\/\/www2187.vu.lt\/wp-content\/uploads\/cache\/2018\/03\/P1010142\/1832846692.jpg\" src=\"data:image\/svg+xml,%3Csvg%20xmlns=%22http%3A%2F%2Fwww.w3.org%2F2000%2Fsvg%22%20viewBox=%220%200%20640%20360%22%3E%3C\/svg%3E\" \/><\/span><span class=\"fg-image-overlay\"><\/span><\/a><figcaption class=\"fg-caption\"><div class=\"fg-caption-inner\"><div class=\"fg-caption-title\">OLYMPUS DIGITAL CAMERA<\/div><\/div><\/figcaption><\/figure><div class=\"fg-loader\"><\/div><\/div><div class=\"fg-item fg-type-image fg-idle\"><figure class=\"fg-item-inner\"><a href=\"http:\/\/www2187.vu.lt\/wp-content\/uploads\/2018\/03\/P1010146.jpg\" data-caption-title=\"OLYMPUS DIGITAL CAMERA\" data-attachment-id=\"4566\" class=\"fg-thumb\"><span class=\"fg-image-wrap\"><img title=\"OLYMPUS DIGITAL CAMERA\" width=\"640\" height=\"360\" class=\"skip-lazy fg-image\" data-src-fg=\"http:\/\/www2187.vu.lt\/wp-content\/uploads\/cache\/2018\/03\/P1010146\/973075045.jpg\" src=\"data:image\/svg+xml,%3Csvg%20xmlns=%22http%3A%2F%2Fwww.w3.org%2F2000%2Fsvg%22%20viewBox=%220%200%20640%20360%22%3E%3C\/svg%3E\" \/><\/span><span class=\"fg-image-overlay\"><\/span><\/a><figcaption class=\"fg-caption\"><div class=\"fg-caption-inner\"><div class=\"fg-caption-title\">OLYMPUS DIGITAL CAMERA<\/div><\/div><\/figcaption><\/figure><div class=\"fg-loader\"><\/div><\/div><div class=\"fg-item fg-type-image fg-idle\"><figure class=\"fg-item-inner\"><a href=\"http:\/\/www2187.vu.lt\/wp-content\/uploads\/2018\/03\/P1010147.jpg\" data-caption-title=\"OLYMPUS DIGITAL CAMERA\" data-attachment-id=\"4567\" class=\"fg-thumb\"><span class=\"fg-image-wrap\"><img title=\"OLYMPUS DIGITAL CAMERA\" width=\"640\" height=\"360\" class=\"skip-lazy fg-image\" data-src-fg=\"http:\/\/www2187.vu.lt\/wp-content\/uploads\/cache\/2018\/03\/P1010147\/201545837.jpg\" src=\"data:image\/svg+xml,%3Csvg%20xmlns=%22http%3A%2F%2Fwww.w3.org%2F2000%2Fsvg%22%20viewBox=%220%200%20640%20360%22%3E%3C\/svg%3E\" \/><\/span><span class=\"fg-image-overlay\"><\/span><\/a><figcaption class=\"fg-caption\"><div class=\"fg-caption-inner\"><div class=\"fg-caption-title\">OLYMPUS DIGITAL CAMERA<\/div><\/div><\/figcaption><\/figure><div class=\"fg-loader\"><\/div><\/div><div class=\"fg-item fg-type-image fg-idle\"><figure class=\"fg-item-inner\"><a href=\"http:\/\/www2187.vu.lt\/wp-content\/uploads\/2018\/03\/P1010153.jpg\" data-caption-title=\"OLYMPUS DIGITAL CAMERA\" data-attachment-id=\"4568\" class=\"fg-thumb\"><span class=\"fg-image-wrap\"><img title=\"OLYMPUS DIGITAL CAMERA\" width=\"640\" height=\"360\" class=\"skip-lazy fg-image\" data-src-fg=\"http:\/\/www2187.vu.lt\/wp-content\/uploads\/cache\/2018\/03\/P1010153\/3144765505.jpg\" src=\"data:image\/svg+xml,%3Csvg%20xmlns=%22http%3A%2F%2Fwww.w3.org%2F2000%2Fsvg%22%20viewBox=%220%200%20640%20360%22%3E%3C\/svg%3E\" \/><\/span><span class=\"fg-image-overlay\"><\/span><\/a><figcaption class=\"fg-caption\"><div class=\"fg-caption-inner\"><div class=\"fg-caption-title\">OLYMPUS DIGITAL CAMERA<\/div><\/div><\/figcaption><\/figure><div class=\"fg-loader\"><\/div><\/div>\t\t<\/div>\r\n\t\t<div class=\"fiv-ctrls\">\r\n\t\t\t<div class=\"fiv-prev\"><span>Prev<\/span><\/div>\r\n\t\t\t<label class=\"fiv-count\"><span class=\"fiv-count-current\">1<\/span>of<span class=\"fiv-count-total\">6<\/span><\/label>\r\n\t\t\t<div class=\"fiv-next\"><span>Next<\/span><\/div>\r\n\t\t<\/div>\r\n\t<\/div>\r\n<\/div>\n<\/p>\n<p style=\"text-align: justify;\">\n\t&nbsp;\n<\/p>\n<p style=\"text-align: justify;\">\n\t&nbsp;\n<\/p>\n<p style=\"text-align: justify;\">\n\t&nbsp;\n<\/p>\n<p style=\"text-align: justify;\">\n\t&nbsp;\n<\/p>\n<p style=\"text-align: justify;\">\n\t&nbsp;\n<\/p>\n<p style=\"text-align: justify;\">\n\t&nbsp;\n<\/p>\n<p style=\"text-align: justify;\">\n\t&nbsp;\n<\/p>\n<p style=\"text-align: justify;\">\n\t&nbsp;<\/p>\n","protected":false},"excerpt":{"rendered":"<p>Mokyklos muziejus \u012fkurtas mokytojos kra&scaron;totyrinink\u0117s&nbsp; Teres\u0117s Pivori\u016bnait\u0117s. Mokytoja pati vaik&scaron;\u010diojo per kaimus ir rinko eksponatus, juos kaup\u0117 daug met\u0173, net ir \u012fk\u016brusi muziej\u0173 \u0117jo pas \u017emones, su jais bendravo, u\u017era&scaron;in\u0117jo atsiminimus. Mok\u0117davo prakalbinti kiekvien\u0105 senel\u012f, mo\u010diut\u0119, kruop&scaron;\u010diai rinko j\u0173 kiekvien\u0105 \u017eodel\u012f, d\u0117liojo \u012f Aduti&scaron;kio kra&scaron;to istorij\u0105. Surinkta ne tik vertinga istorin\u0117, etnografin\u0117 med\u017eiaga apie u\u017emar&scaron;tin [&hellip;]<\/p>\n","protected":false},"author":1,"featured_media":0,"parent":7,"menu_order":9,"comment_status":"closed","ping_status":"closed","template":"","meta":[],"_links":{"self":[{"href":"http:\/\/www2187.vu.lt\/index.php?rest_route=\/wp\/v2\/pages\/4553"}],"collection":[{"href":"http:\/\/www2187.vu.lt\/index.php?rest_route=\/wp\/v2\/pages"}],"about":[{"href":"http:\/\/www2187.vu.lt\/index.php?rest_route=\/wp\/v2\/types\/page"}],"author":[{"embeddable":true,"href":"http:\/\/www2187.vu.lt\/index.php?rest_route=\/wp\/v2\/users\/1"}],"replies":[{"embeddable":true,"href":"http:\/\/www2187.vu.lt\/index.php?rest_route=%2Fwp%2Fv2%2Fcomments&post=4553"}],"version-history":[{"count":5,"href":"http:\/\/www2187.vu.lt\/index.php?rest_route=\/wp\/v2\/pages\/4553\/revisions"}],"predecessor-version":[{"id":4569,"href":"http:\/\/www2187.vu.lt\/index.php?rest_route=\/wp\/v2\/pages\/4553\/revisions\/4569"}],"up":[{"embeddable":true,"href":"http:\/\/www2187.vu.lt\/index.php?rest_route=\/wp\/v2\/pages\/7"}],"wp:attachment":[{"href":"http:\/\/www2187.vu.lt\/index.php?rest_route=%2Fwp%2Fv2%2Fmedia&parent=4553"}],"curies":[{"name":"wp","href":"https:\/\/api.w.org\/{rel}","templated":true}]}}