{"id":387,"date":"2015-02-01T17:30:17","date_gmt":"2015-02-01T15:30:17","guid":{"rendered":"http:\/\/www2187.vu.lt\/?page_id=387"},"modified":"2019-06-02T20:30:49","modified_gmt":"2019-06-02T17:30:49","slug":"priesmokyklinis-ugdymas","status":"publish","type":"page","link":"http:\/\/www2187.vu.lt\/?page_id=387","title":{"rendered":"Prie\u0161mokyklinis ugdymas"},"content":{"rendered":"<p style=\"text-align: center;\">\n\t<strong>Prie&scaron;mokyklinio ugdymo &bdquo;Peliuk\u0173&ldquo; grup\u0117<\/strong>\n<\/p>\n<p>\n\t&nbsp;\n<\/p>\n<p>\n\t&nbsp;\n<\/p>\n<p>\n\t<strong>Peliuk\u0173 mokykloj,<\/strong><br \/>\n\t<strong>U\u017e balt\u0173 staleli\u0173,<br \/>\n\tS\u0117di daug vaikeli\u0173<br \/>\n\tSu margom knygel\u0117m,<br \/>\n\tPilnom paveiksl\u0117li\u0173.<\/strong>\n<\/p>\n<p>\n\t<br \/>\n\t<strong>Pel\u0117s moko peliukus<br \/>\n\tIr i&scaron;dyk\u0117lius vaikus,<br \/>\n\tMoko cypti, r\u0117kti,<br \/>\n\tNuo kat\u0117s pab\u0117gti.<\/strong>\n<\/p>\n<p>\n\t&nbsp;\n<\/p>\n<p style=\"text-align: center;\">\n\t<strong>&bdquo;Peliuk\u0173&ldquo; grup\u0117s taisykl\u0117s:<\/strong>\n<\/p>\n<ul>\n<li>\n\t\tKai vienas kalba, kiti tyli.\n\t<\/li>\n<li>\n\t\tJei b\u016bsi atidus &#8211; suprasi, prisiminsi, i&scaron;moksi.\n\t<\/li>\n<li>\n\t\tK\u0105 darai, daryk gerai ir visada u\u017ebaik darb\u0105.\n\t<\/li>\n<li>\n\t\tKas pyksta, tam ragai dygsta.\n\t<\/li>\n<li>\n\t\tGerbk kitus ir b\u016bsi gerbiamas.\n\t<\/li>\n<li>\n\t\tKas dien\u0105 b\u016bki atsargus, kas dien\u0105 jausiesi saugus.\n\t<\/li>\n<li>\n\t\tNeskub\u0117k juoktis i&scaron; draugo, geriau jam pad\u0117k.\n\t<\/li>\n<li>\n\t\tSaugok knygeles, \u017eaislus. Nepamir&scaron;k pad\u0117ti \u012f viet\u0105.\n\t<\/li>\n<\/ul>\n<p>\n\t&nbsp;\n<\/p>\n<p>\n\t<strong>&nbsp;<\/strong>\n<\/p>\n<p>\n\t<strong>Grup\u0117s dienotvark\u0117:<\/strong>\n<\/p>\n<p>\n\t8.00&nbsp;&nbsp;&nbsp;&nbsp;&nbsp;&nbsp;&nbsp;&nbsp; &nbsp;&nbsp;&nbsp;&nbsp;&nbsp;Atvykimas \u012f grup\u0119\n<\/p>\n<p>\n\t8.10-8.40 &nbsp;&nbsp;&nbsp;&nbsp;&nbsp;Ryto ratas (visos grup\u0117s veikla: pasak\u0173 skaitymas, \u017eaidimai, pokalbiai ir kt.)\n<\/p>\n<p>\n\t8.40-9.00 &nbsp;&nbsp;&nbsp;&nbsp;&nbsp;Pasirenkama individuali veikla ar veikla ma\u017eomis grupel\u0117mis \u017eaidim\u0173 kampelyje\n<\/p>\n<p>\n\t9.00-9.35 &nbsp;&nbsp;&nbsp;&nbsp;&nbsp;Muzikos arba sporto valand\u0117l\u0117\n<\/p>\n<p>\n\t9.35-9.55 &nbsp;&nbsp;&nbsp;&nbsp;&nbsp;Pasirenkama individuali veikla ar veikla ma\u017eomis grupel\u0117mis \u017eaidim\u0173 kampelyje\n<\/p>\n<p>\n\t9.55-10.30 &nbsp;&nbsp;&nbsp;Bendra veikla\n<\/p>\n<p>\n\t10.35-10.55 &nbsp;Piet\u016bs\n<\/p>\n<p>\n\t10.55-11.40 Veikla lauke arba grup\u0117je: pie&scaron;imas, lipdymas, judrieji \u017eaidimai ir kt. (atsi\u017evelgiama \u012f oro s\u0105lygas)\n<\/p>\n<p>\n\t11.45-12.00 Pasiruo&scaron;imas namo (dienos apm\u0105stymai, grup\u0117s tvarkymas)\n<\/p>\n<p>\n\t&nbsp;\n<\/p>\n<p>\n\t&nbsp;\n<\/p>\n<p>\n\t&bdquo;Peliuk\u0173&ldquo; grup\u0117je yra daug \u017eaisl\u0173, gausu pa\u017eintin\u0117s ir ugdomosios med\u017eiagos. Vaikai i&scaron;moksta b\u016bti kartu, bendrauti, \u017eaisti, pie&scaron;ti, dainuoti, &scaron;okti, aplikuoti, klausytis pasak\u0173, vaidinti.\n<\/p>\n<p>\n\tUgdomi savaranki&scaron;kumo, asmens higienos \u012fg\u016bd\u017eiai, lavinamas d\u0117mesio sukaupimas, m\u0105stymas, pastabumas. Pratinam\u0117s laikytis susitarim\u0173, elgesio taisykli\u0173.\n<\/p>\n<p style=\"text-align: center;\">\n\t<strong>GRUP\u0116 &ndash; TAI &Scaron;EIMA, KURIOS KIEKVIENAS NARYS YRA SVARBUS IR LAUKIAMAS. &nbsp;<\/strong>\n<\/p>\n<p>\n\t&nbsp;\n<\/p>\n<p style=\"text-align: right;\">\n\t&nbsp;&nbsp;&nbsp;&nbsp;&nbsp;&nbsp;&nbsp;&nbsp;&nbsp;&nbsp;&nbsp;&nbsp;&nbsp;&nbsp;&nbsp;&nbsp;&nbsp;&nbsp;&nbsp;&nbsp;&nbsp;&nbsp;&nbsp;&nbsp; Prie&scaron;mokyklinio ugdymo pedagog\u0117&nbsp;&nbsp; Svetlana Men\u010dinskien\u0117\n<\/p>\n<p>\n\t&nbsp;\n<\/p>\n<p>\n\t&bdquo;Peliuk\u0173&ldquo; grup\u0117s nuotrauk\u0173 galerija:\n<\/p>\n<p>\n\t<img alt=\"\" class=\"ngg_displayed_gallery mceItem\" src=\"http:\/\/www2187.vu.lt\/index.php\/nextgen-attach_to_post\/preview\/id--409\" \/>\n<\/p>\n<p>\n\t&nbsp;<\/p>\n","protected":false},"excerpt":{"rendered":"<p>Prie&scaron;mokyklinio ugdymo &bdquo;Peliuk\u0173&ldquo; grup\u0117 &nbsp; &nbsp; Peliuk\u0173 mokykloj, U\u017e balt\u0173 staleli\u0173, S\u0117di daug vaikeli\u0173 Su margom knygel\u0117m, Pilnom paveiksl\u0117li\u0173. Pel\u0117s moko peliukus Ir i&scaron;dyk\u0117lius vaikus, Moko cypti, r\u0117kti, Nuo kat\u0117s pab\u0117gti. &nbsp; &bdquo;Peliuk\u0173&ldquo; grup\u0117s taisykl\u0117s: Kai vienas kalba, kiti tyli. Jei b\u016bsi atidus &#8211; suprasi, prisiminsi, i&scaron;moksi. K\u0105 darai, daryk gerai ir visada u\u017ebaik darb\u0105. [&hellip;]<\/p>\n","protected":false},"author":1,"featured_media":0,"parent":7,"menu_order":6,"comment_status":"closed","ping_status":"closed","template":"","meta":[],"_links":{"self":[{"href":"http:\/\/www2187.vu.lt\/index.php?rest_route=\/wp\/v2\/pages\/387"}],"collection":[{"href":"http:\/\/www2187.vu.lt\/index.php?rest_route=\/wp\/v2\/pages"}],"about":[{"href":"http:\/\/www2187.vu.lt\/index.php?rest_route=\/wp\/v2\/types\/page"}],"author":[{"embeddable":true,"href":"http:\/\/www2187.vu.lt\/index.php?rest_route=\/wp\/v2\/users\/1"}],"replies":[{"embeddable":true,"href":"http:\/\/www2187.vu.lt\/index.php?rest_route=%2Fwp%2Fv2%2Fcomments&post=387"}],"version-history":[{"count":5,"href":"http:\/\/www2187.vu.lt\/index.php?rest_route=\/wp\/v2\/pages\/387\/revisions"}],"predecessor-version":[{"id":5799,"href":"http:\/\/www2187.vu.lt\/index.php?rest_route=\/wp\/v2\/pages\/387\/revisions\/5799"}],"up":[{"embeddable":true,"href":"http:\/\/www2187.vu.lt\/index.php?rest_route=\/wp\/v2\/pages\/7"}],"wp:attachment":[{"href":"http:\/\/www2187.vu.lt\/index.php?rest_route=%2Fwp%2Fv2%2Fmedia&parent=387"}],"curies":[{"name":"wp","href":"https:\/\/api.w.org\/{rel}","templated":true}]}}