{"id":34,"date":"2014-10-14T21:19:31","date_gmt":"2014-10-14T18:19:31","guid":{"rendered":"http:\/\/www2187.vu.lt\/?page_id=34"},"modified":"2019-06-02T20:42:57","modified_gmt":"2019-06-02T17:42:57","slug":"viesieji-pirkimai","status":"publish","type":"page","link":"http:\/\/www2187.vu.lt\/?page_id=34","title":{"rendered":"Vie\u0161ieji pirkimai"},"content":{"rendered":"<p>\n\t<span style=\"font-size:14px;\"><span style=\"font-family:arial,helvetica,sans-serif;\"><a href=\"http:\/\/www2187.vu.lt\/wp-content\/uploads\/2019\/02\/Vie\u0161\u0173j\u0173-pirkim\u0173-planas-2019-m.pdf\">&Scaron;ven\u010dioni\u0173 r. Aduti&scaron;kio pagrindin\u0117s mokyklos planuojam\u0173 vykdyti vie&scaron;\u0173j\u0173 pirkim\u0173 planas 2019 m.<\/a><\/span><\/span>\n<\/p>\n<p>\n\t&nbsp;\n<\/p>\n<p>\n\t<span style=\"font-size:14px;\"><span style=\"font-family:arial,helvetica,sans-serif;\"><a href=\"http:\/\/www2187.vu.lt\/wp-content\/uploads\/2018\/05\/VPK-darbo-reglamentas.pdf\">VIE&Scaron;\u0172J\u0172 PIRKIM\u0172 KOMISIJOS DARBO REGLAMENTAS 2018m.<\/a><\/span><\/span>\n<\/p>\n<p>\n\t&nbsp;\n<\/p>\n<p>\n\t<span style=\"font-size:14px;\"><span style=\"font-family:arial,helvetica,sans-serif;\"><a href=\"http:\/\/www2187.vu.lt\/wp-content\/uploads\/2018\/05\/Pirkim\u0173-planas-2018m.pdf\">&Scaron;ven\u010dioni\u0173 r. Aduti&scaron;kio pagrindin\u0117s mokyklos planuojam\u0173 vykdyti vie&scaron;\u0173j\u0173 pirkim\u0173 planas 2018 m.<\/a><\/span><\/span>\n<\/p>\n<p class=\"Default\">\n\t&nbsp;\n<\/p>\n<p class=\"Default\">\n\t<span style=\"font-size:14px;\"><span style=\"font-family:arial,helvetica,sans-serif;\"><a href=\"http:\/\/www2187.vu.lt\/wp-content\/uploads\/2018\/05\/VIE\u0160\u0172J\u0172-PIRKIM\u0172-ORGANIZAVIMO-IR-VYKDYMO-TVARKOS-APRA\u0160AS-2018.pdf\">VIE&Scaron;\u0172J\u0172 PIRKIM\u0172 ORGANIZAVIMO IR VYKDYMO TVARKOS&nbsp;APRA&Scaron;AS 2018m.<\/a><\/span><\/span><o:p><\/o:p>\n<\/p>\n<p>\n\t&nbsp;\n<\/p>\n<p>\n\t<span style=\"font-size:14px;\"><span style=\"font-family:arial,helvetica,sans-serif;\"><a href=\"http:\/\/www2187.vu.lt\/wp-content\/uploads\/2017\/03\/Ma\u017eos-vert\u0117s-pirkim\u0173-taisykl\u0117s.pdf\">Ma\u017eos vert\u0117s pirkim\u0173 taisykl\u0117s&nbsp;2017 m<\/a>.<\/span><\/span>\n<\/p>\n<p>\n\t&nbsp;\n<\/p>\n<p>\n\t<span style=\"font-size:14px;\"><span style=\"font-family:arial,helvetica,sans-serif;\"><a href=\"http:\/\/www2187.vu.lt\/wp-content\/uploads\/2017\/03\/Ma\u017eos-vert\u0117s-pirkim\u0173-komisijos-reglamentas.pdf\">Ma\u017eos vert\u0117s pirkim\u0173 komisijos reglamentas 2017 m.<\/a><\/span><\/span>\n<\/p>\n<p>\n\t&nbsp;\n<\/p>\n<p>\n\t<span style=\"font-size:14px;\"><span style=\"font-family:arial,helvetica,sans-serif;\"><a href=\"http:\/\/www2187.vu.lt\/wp-content\/uploads\/2017\/03\/Pirkim\u0173-planas-2017.pdf\">Pirkim\u0173 planas 2017 m.<\/a><\/span><\/span>\n<\/p>\n<p>\n\t&nbsp;\n<\/p>\n<p>\n\t&nbsp;<\/p>\n","protected":false},"excerpt":{"rendered":"<p>&Scaron;ven\u010dioni\u0173 r. Aduti&scaron;kio pagrindin\u0117s mokyklos planuojam\u0173 vykdyti vie&scaron;\u0173j\u0173 pirkim\u0173 planas 2019 m. &nbsp; VIE&Scaron;\u0172J\u0172 PIRKIM\u0172 KOMISIJOS DARBO REGLAMENTAS 2018m. &nbsp; &Scaron;ven\u010dioni\u0173 r. Aduti&scaron;kio pagrindin\u0117s mokyklos planuojam\u0173 vykdyti vie&scaron;\u0173j\u0173 pirkim\u0173 planas 2018 m. &nbsp; VIE&Scaron;\u0172J\u0172 PIRKIM\u0172 ORGANIZAVIMO IR VYKDYMO TVARKOS&nbsp;APRA&Scaron;AS 2018m. &nbsp; Ma\u017eos vert\u0117s pirkim\u0173 taisykl\u0117s&nbsp;2017 m. &nbsp; Ma\u017eos vert\u0117s pirkim\u0173 komisijos reglamentas 2017 m. &nbsp; [&hellip;]<\/p>\n","protected":false},"author":1,"featured_media":0,"parent":4,"menu_order":9,"comment_status":"closed","ping_status":"closed","template":"","meta":[],"_links":{"self":[{"href":"http:\/\/www2187.vu.lt\/index.php?rest_route=\/wp\/v2\/pages\/34"}],"collection":[{"href":"http:\/\/www2187.vu.lt\/index.php?rest_route=\/wp\/v2\/pages"}],"about":[{"href":"http:\/\/www2187.vu.lt\/index.php?rest_route=\/wp\/v2\/types\/page"}],"author":[{"embeddable":true,"href":"http:\/\/www2187.vu.lt\/index.php?rest_route=\/wp\/v2\/users\/1"}],"replies":[{"embeddable":true,"href":"http:\/\/www2187.vu.lt\/index.php?rest_route=%2Fwp%2Fv2%2Fcomments&post=34"}],"version-history":[{"count":28,"href":"http:\/\/www2187.vu.lt\/index.php?rest_route=\/wp\/v2\/pages\/34\/revisions"}],"predecessor-version":[{"id":128,"href":"http:\/\/www2187.vu.lt\/index.php?rest_route=\/wp\/v2\/pages\/34\/revisions\/128"}],"up":[{"embeddable":true,"href":"http:\/\/www2187.vu.lt\/index.php?rest_route=\/wp\/v2\/pages\/4"}],"wp:attachment":[{"href":"http:\/\/www2187.vu.lt\/index.php?rest_route=%2Fwp%2Fv2%2Fmedia&parent=34"}],"curies":[{"name":"wp","href":"https:\/\/api.w.org\/{rel}","templated":true}]}}