{"id":32,"date":"2014-10-14T21:18:37","date_gmt":"2014-10-14T18:18:37","guid":{"rendered":"http:\/\/www2187.vu.lt\/?page_id=32"},"modified":"2020-07-24T10:07:28","modified_gmt":"2020-07-24T07:07:28","slug":"finansies-ataskaitos","status":"publish","type":"page","link":"http:\/\/www2187.vu.lt\/?page_id=32","title":{"rendered":"Finansin\u0117s ataskaitos"},"content":{"rendered":"<p>\n\t<a href=\"http:\/\/www2187.vu.lt\/wp-content\/uploads\/2020\/07\/Biud\u017eeto-vykdymo-ataskait\u0173-rinkinys-2020-06-30d..pdf\">2020 m. bir\u017eelio 30 d.&nbsp;Biud\u017eeto vykdymo ataskait\u0173 rinkinys&nbsp;<\/a>\n<\/p>\n<p>\n\t<a href=\"http:\/\/www2187.vu.lt\/wp-content\/uploads\/2020\/07\/Finansini\u0173-ataskait\u0173-rinkinys-2020-03-31-d..pdf\">2020 m. kovo 31 d.&nbsp;Finansini\u0173 ataskait\u0173 rinkinys&nbsp;<\/a>\n<\/p>\n<p>\n\t<a href=\"http:\/\/www2187.vu.lt\/wp-content\/uploads\/2020\/07\/Finansini\u0173-ataskait\u0173-rinkinys-2019-12-31-d..pdf\">2019 m. gruod\u017eio 31 d.&nbsp;Finansini\u0173 ataskait\u0173 rinkinys&nbsp;<\/a>\n<\/p>\n<p>\n\t<a href=\"http:\/\/www2187.vu.lt\/wp-content\/uploads\/2020\/05\/Biud\u017eeto-vykdymo-ataskait\u0173-rinkinys-2020-03-31-d_.pdf\">2020 m. kovo 31 d.&nbsp;Biud\u017eeto vykdymo ataskait\u0173 rinkinys&nbsp;<\/a>\n<\/p>\n<p>\n\t<a href=\"http:\/\/www2187.vu.lt\/wp-content\/uploads\/2020\/05\/Biud\u017eeto-vykdymo-ataskait\u0173-rinkinys-2019-12-31-d_.pdf\">2019 m. gruod\u017eio 31 d.&nbsp;Biud\u017eeto vykdymo ataskait\u0173 rinkinys&nbsp;<\/a>\n<\/p>\n<p>\n\t<a href=\"http:\/\/www2187.vu.lt\/wp-content\/uploads\/2020\/05\/Finansini\u0173-ataskait\u0173-rinkinys-2019-09-30-d.pdf\">2019 m. rugs\u0117jo 30 d.&nbsp;Finansini\u0173 ataskait\u0173 rinkinys&nbsp;<\/a>\n<\/p>\n<p>\n\t<a href=\"http:\/\/www2187.vu.lt\/wp-content\/uploads\/2019\/10\/Biud\u017eeto-vykdymo-ataskait\u0173-rinkinys-2019-09-30-d..pdf\">2019 m. rugs\u0117jo 30 d.&nbsp;Biud\u017eeto vykdymo ataskait\u0173 rinkinys&nbsp;<\/a>\n<\/p>\n<p>\n\t<a href=\"http:\/\/www2187.vu.lt\/wp-content\/uploads\/2019\/08\/Finansini\u0173-ataskait\u0173-rinkinys-2019-06-30-d_.pdf\">2019 m. bir\u017eelio 30 d.&nbsp;Finansini\u0173 ataskait\u0173 rinkinys&nbsp;<\/a>\n<\/p>\n<p>\n\t<a href=\"http:\/\/www2187.vu.lt\/wp-content\/uploads\/2019\/07\/Biud\u017eeto-vykdymo-ataskait\u0173-rinkinys-2019-06-30-d..pdf\">2019 m. bir\u017eelio 30 d.&nbsp;Biud\u017eeto vykdymo ataskait\u0173 rinkinys&nbsp;<\/a>\n<\/p>\n<p>\n\t<a href=\"http:\/\/www2187.vu.lt\/wp-content\/uploads\/2019\/08\/Finansini\u0173-ataskait\u0173-rinkinys-2019-03-31-d_.pdf\">2019 m. kovo 31 d.&nbsp;Finansini\u0173 ataskait\u0173 rinkinys&nbsp;<\/a>\n<\/p>\n<p>\n\t<a href=\"http:\/\/www2187.vu.lt\/wp-content\/uploads\/2019\/06\/Biud\u017eeto-vykdymo-ataskait\u0173-rinkinys-2019-03-31-d..pdf\">2019 m. kovo 31 d.&nbsp;Biud\u017eeto vykdymo ataskait\u0173 rinkinys&nbsp;<\/a>\n<\/p>\n<p>\n\t<a href=\"http:\/\/www2187.vu.lt\/wp-content\/uploads\/2019\/06\/Aduti\u0161kio-pagrindin\u0117-mokykla-finasini\u0173-ataskait\u0173-rinkinys-2018-12-31.pdf\">2018 m. gruod\u017eio 31 d.&nbsp;Finansini\u0173 ataskait\u0173 rinkinys&nbsp;<\/a>\n<\/p>\n<p>\n\t<a href=\"http:\/\/www2187.vu.lt\/wp-content\/uploads\/2019\/03\/Biud\u017eeto-vykdymo-ataskait\u0173-rinkinys-2018-12-31-d..pdf\">2018 m. gruod\u017eio 31 d.&nbsp;Biud\u017eeto vykdymo ataskait\u0173 rinkinys&nbsp;<\/a>\n<\/p>\n<p>\n\t<a href=\"http:\/\/www2187.vu.lt\/wp-content\/uploads\/2019\/01\/Biud\u017eeto-vykdymo-ataskait\u0173-rinkinys-2018-09-30-d..pdf\">2018 m. rugs\u0117jo 30 d.&nbsp;Biud\u017eeto vykdymo ataskait\u0173 rinkinys&nbsp;<\/a>\n<\/p>\n<p>\n\t<span style=\"color: rgb(34, 34, 34); font-family: arial, sans-serif; font-size: 12.8px;\"><a href=\"http:\/\/www2187.vu.lt\/wp-content\/uploads\/2019\/01\/Finansini\u0173-ataskait\u0173-rinkinys-2018-09-30-d..pdf\">2018 m. rugs\u0117jo 30 d. Finansini\u0173 ataskait\u0173 rinkinys<\/a><\/span>\n<\/p>\n<p>\n\t<span style=\"color: rgb(34, 34, 34); font-family: arial, sans-serif; font-size: 12.8px;\"><a href=\"http:\/\/www2187.vu.lt\/wp-content\/uploads\/2018\/10\/Finansini\u0173-ataskait\u0173-rinkinys-2018-06-30-d_.pdf\">2018 m. bir\u017eelio 30 d. Finansini\u0173 ataskait\u0173 rinkinys<\/a><\/span>\n<\/p>\n<p>\n\t<span style=\"color: rgb(34, 34, 34); font-family: arial, sans-serif; font-size: 12.8px;\"><a href=\"http:\/\/www2187.vu.lt\/wp-content\/uploads\/2018\/10\/Finansini\u0173-ataskait\u0173-rinkinys-2018-03-31-d.pdf\">2018 m. kovo 31 d. Finansini\u0173 ataskait\u0173 rinkinys<\/a><\/span>\n<\/p>\n<p>\n\t<span style=\"color: rgb(34, 34, 34); font-family: arial, sans-serif; font-size: 12.8px;\"><a href=\"http:\/\/www2187.vu.lt\/wp-content\/uploads\/2018\/07\/Biud\u017eeto-vykdymo-ataskait\u0173-rinkinys-2018-06-30d.pdf\">2018 m. bir\u017eelio 30 d.Biud\u017eeto vykdymo ataskait\u0173 rinkinys<\/a><\/span>\n<\/p>\n<p>\n\t<a href=\"http:\/\/www2187.vu.lt\/wp-content\/uploads\/2018\/06\/Finansini\u0173-ataskait\u0173-rinkinys-2017-12-31-d..pdf\">2017 m. gruod\u017eio 31 d. Finansini\u0173 ataskait\u0173 rinkinys<\/a>\n<\/p>\n<p>\n\t<a href=\"http:\/\/www2187.vu.lt\/wp-content\/uploads\/2018\/04\/Biud\u017eeto-vykdymo-ataskait\u0173-rinkinys-2018-03-31-d..pdf\">2018 kovo 31d. Biud\u017eeto vykdymo ataskait\u0173 rinkinys<\/a>\n<\/p>\n<p>\n\t<a href=\"http:\/\/www2187.vu.lt\/wp-content\/uploads\/2018\/02\/Biud\u017eeto-vykdymo-ataskait\u0173-rinkinys-2017-12-31d.pdf\">2017 gruod\u017eio 31d.&nbsp;Biud\u017eeto vykdymo ataskait\u0173 rinkinys&nbsp;<\/a>\n<\/p>\n<p>\n\t<a href=\"http:\/\/www2187.vu.lt\/wp-content\/uploads\/2018\/02\/Finansini\u0173-ataskait\u0173-rinkinys-2017-09-30d-2.pdf\">2017m. rugs\u0117jo 30d. Finansini\u0173 ataskait\u0173 rinkinys.<\/a>\n<\/p>\n<p>\n\t<a href=\"http:\/\/www2187.vu.lt\/wp-content\/uploads\/2018\/01\/Biud\u017eeto-vykdymo-ataskait\u0173-rinkinys-2017m.-rugs\u0117jo-30-d.pdf\">2017m. rugs\u0117jo 30 d.&nbsp;<span style=\"font-size: 13px;\">Biud\u017eeto vykdymo ataskait\u0173 rinkinys&nbsp;<\/span><\/a>\n<\/p>\n<p>\n\t<a href=\"http:\/\/www2187.vu.lt\/wp-content\/uploads\/2017\/09\/Finansini\u0173-ataskait\u0173-rinkinys-2017-06-30-d.pdf\">2017 bir\u017eelio 30d.&nbsp;Finansini\u0173 ataskait\u0173 rinkinys<\/a>\n<\/p>\n<p>\n\t<a href=\"http:\/\/www2187.vu.lt\/wp-content\/uploads\/2017\/09\/Finansini\u0173-ataskait\u0173-rinkinys-2017-03-31d.pdf\">2017 kovo 31d.&nbsp;Finansini\u0173 ataskait\u0173 rinkinys<\/a>\n<\/p>\n<p>\n\t<a href=\"http:\/\/www2187.vu.lt\/wp-content\/uploads\/2017\/08\/Biud\u017eeto-vykdymo-ataskait\u0173-rinkinys-2017-06-30d.pdf\">2017 bir\u017eelio 30d. Finansini\u0173 ataskait\u0173 rinkinys<\/a>\n<\/p>\n<p>\n\t<a href=\"http:\/\/www2187.vu.lt\/wp-content\/uploads\/2017\/06\/Finansini\u0173-ataskait\u0173-rinkinys-2016m.-gruod\u017eio-31d.pdf\">2016m. gruod\u017eio 31d.&nbsp;Finansini\u0173 ataskait\u0173 rinkinys<\/a>\n<\/p>\n<p>\n\t<a href=\"http:\/\/www2187.vu.lt\/wp-content\/uploads\/2017\/05\/2017m.-kovo-31-d.-biud\u017eeto-vykdymo-ataskait\u0173-rinkinys.pdf\">2017m. kovo 31d. biud\u017eeto vykdymo ataskait\u0173 rinkinys<\/a>\n<\/p>\n<p>\n\t<a href=\"http:\/\/www2187.vu.lt\/wp-content\/uploads\/2017\/04\/Finansini\u0173-ataskait\u0173-rinkinys-2016m.-bir\u017eelio-30d.pdf\">2016m. Finansini\u0173 ataskait\u0173 rinkinys bir\u017eelio 30d.<\/a>\n<\/p>\n<p>\n\t<a href=\"http:\/\/www2187.vu.lt\/wp-content\/uploads\/2017\/03\/2016m.-rugs\u0117jo-30d.-biud\u017eeto-vykdymo-ataskait\u0173-rinkinys.pdf\">2016m. rugs\u0117jo 30d. biud\u017eeto vykdymo ataskait\u0173 rinkinys<\/a>\n<\/p>\n<p>\n\t<a href=\"http:\/\/www2187.vu.lt\/wp-content\/uploads\/2017\/03\/2016m.-gruod\u017eio-31d-biud\u017eeto-vykdymo-ataskait\u0173-rinkinys.pdf\">2016m. gruod\u017eio 31d biud\u017eeto vykdymo ataskait\u0173 rinkinys<\/a>\n<\/p>\n<p>\n\t<a href=\"http:\/\/www2187.vu.lt\/wp-content\/uploads\/2017\/03\/Finansini\u0173-ataskait\u0173-rinkinys-2016m.-rugs\u0117jo-30d.pdf\">2016 m. Finansini\u0173 ataskait\u0173 rinkinys<\/a>\n<\/p>\n<p>\n\t<a href=\"http:\/\/www2187.vu.lt\/wp-content\/uploads\/2014\/10\/FinansiniuAtaskaituRinkinys2016-03-31.pdf\">Finansin\u0117s b\u016bkl\u0117s ataskaita pagal 2016-03-31<\/a>\n<\/p>\n<p>\n\t<a href=\"http:\/\/www2187.vu.lt\/wp-content\/uploads\/2014\/10\/BiudzVykdAtaskRink2016-03-31.pdf\">Biud\u017eeto vykdymo ataskait\u0173 rinkinys 2016-03-31<\/a>\n<\/p>\n<p>\n\t<a href=\"http:\/\/www2187.vu.lt\/wp-content\/uploads\/2014\/10\/FinansiniuAtaskaituRinkinys2015-12-31.pdf\">Finansini\u0173 ataskait\u0173 rinkinys 2015-12-31<\/a>\n<\/p>\n<p>\n\t<a href=\"http:\/\/www2187.vu.lt\/wp-content\/uploads\/2014\/10\/BiuAtask2016-01-13.pdf\">Biud\u017eeto i&scaron;laid\u0173 s\u0105matos vykdymo ataskaita 2015-12-31<\/a>\n<\/p>\n<p>\n\t<a href=\"http:\/\/www2187.vu.lt\/wp-content\/uploads\/2014\/10\/FinAtRink2015-09-30.pdf\">Finansin\u0117s b\u016bkl\u0117s ataskaita pagal 2015-09-30<\/a>\n<\/p>\n<p>\n\t<a href=\"http:\/\/www2187.vu.lt\/wp-content\/uploads\/2014\/10\/2015-IIIketvBiudzVykdAtRink.pdf\">BIUD\u017dETO I&Scaron;LAID\u0172 S\u0104MATOS VYKDYMO 2015 M. RUGS\u0116JO 30 D. KETVIRTIN\u0116 ATASKAITA<\/a>\n<\/p>\n<p>\n\t<a href=\"http:\/\/www2187.vu.lt\/wp-content\/uploads\/2015\/09\/Finansini\u0173-ataskait\u0173-rinkinys-2015m-bir\u017eelio-30d.pdf\">Finansini\u0173 ataskait\u0173 rinkinys 2015 m. bir\u017eelio 30d<\/a>\n<\/p>\n<p>\n\t<a href=\"http:\/\/www2187.vu.lt\/wp-content\/uploads\/2015\/08\/2015m-II-ketv.-biud\u017eeto-vykdymo-ataskait\u0173-rinkinys-.pdf\">2015 m. II ketv. biud\u017eeto vykdymo ataskait\u0173 rinkinys<\/a>\n<\/p>\n<div>\n\t&nbsp;<a href=\"http:\/\/www2187.vu.lt\/wp-content\/uploads\/2015\/05\/2015m.-I-ket.-biud\u017eeto-vykdymo-ataskat\u0173-rinkinys.pdf\">2015 m. I ketvir\u010dio biud\u017eeto vykdymo ataskait\u0173 rinkinys<\/a>\n<\/div>\n<p>\n\t<a href=\"http:\/\/www2187.vu.lt\/wp-content\/uploads\/2015\/08\/2014-m.-finansini\u0173-ataskait\u0173-rinkinys-Aduti\u0161kio-vid.-mok.pdf\">2014 m. finansini\u0173 ataskait\u0173 rinkinys<\/a>\n<\/p>\n<div>\n\t&nbsp;<a href=\"http:\/\/www2187.vu.lt\/wp-content\/uploads\/2015\/05\/2014-m.-biud-eto-vykdymo-ataskait-rinkinys-1.pdf\">2014 m. IV ketv. biud\u017eeto vykdymo ataskait\u0173 rinkinys<\/a>\n<\/div>\n<p>\n\t<a href=\"http:\/\/www2187.vu.lt\/wp-content\/uploads\/2015\/01\/2014-m.-III-ketvir\u010dio-biud\u017eeto-vykdymo-ataskait\u0173-rinkinys.pdf\">2014 m. III ketvir\u010dio biud\u017eeto vykdymo ataskait\u0173 rinkinys<\/a>\n<\/p>\n<p>\n\t<a href=\"http:\/\/www2187.vu.lt\/wp-content\/uploads\/2015\/01\/2014-m.-I-pusme\u010dio-biud\u017eeto-vykdymo-ataskait\u0173-rinkinys.pdf\">2014 m. I pusme\u010dio biud\u017eeto vykdymo ataskait\u0173 rinkinys<\/a>\n<\/p>\n<p>\n\t<a href=\"http:\/\/www2187.vu.lt\/wp-content\/uploads\/2015\/01\/2014-m.-I-ketvir\u010dio-biud\u017eeto-vykdymo-ataskait\u0173-rinkinys.pdf\">2014 m. I ketvir\u010dio biud\u017eeto vykdymo ataskait\u0173 rinkinys<\/a>\n<\/p>\n<p>\n\t<a href=\"http:\/\/www2187.vu.lt\/wp-content\/uploads\/2015\/01\/2013-m_-biud\u017eeto-vykdymo-ataskait\u0173-rinkinys.pdf\">2013 m. biud\u017eeto vykdymo ataskait\u0173 rinkinys<\/a>\n<\/p>\n<p>\n\t<a href=\"http:\/\/www2187.vu.lt\/wp-content\/uploads\/2015\/01\/2013-m.-finansini\u0173-ataskait\u0173-rinkinys.pdf\">2013 m. finansini\u0173 ataskait\u0173 rinkinys<\/a>\n<\/p>\n<p>\n\t&nbsp;\n<\/p>\n<p>\n\t&nbsp;\n<\/p>\n<p>\n\t&nbsp;\n<\/p>\n<p>\n\t&nbsp;\n<\/p>\n<p>\n\t&nbsp;\n<\/p>\n<p>\n\t&nbsp;<\/p>\n","protected":false},"excerpt":{"rendered":"<p>2020 m. bir\u017eelio 30 d.&nbsp;Biud\u017eeto vykdymo ataskait\u0173 rinkinys&nbsp; 2020 m. kovo 31 d.&nbsp;Finansini\u0173 ataskait\u0173 rinkinys&nbsp; 2019 m. gruod\u017eio 31 d.&nbsp;Finansini\u0173 ataskait\u0173 rinkinys&nbsp; 2020 m. kovo 31 d.&nbsp;Biud\u017eeto vykdymo ataskait\u0173 rinkinys&nbsp; 2019 m. gruod\u017eio 31 d.&nbsp;Biud\u017eeto vykdymo ataskait\u0173 rinkinys&nbsp; 2019 m. rugs\u0117jo 30 d.&nbsp;Finansini\u0173 ataskait\u0173 rinkinys&nbsp; 2019 m. rugs\u0117jo 30 d.&nbsp;Biud\u017eeto vykdymo ataskait\u0173 rinkinys&nbsp; 2019 m. [&hellip;]<\/p>\n","protected":false},"author":1,"featured_media":0,"parent":4,"menu_order":8,"comment_status":"closed","ping_status":"closed","template":"","meta":[],"_links":{"self":[{"href":"http:\/\/www2187.vu.lt\/index.php?rest_route=\/wp\/v2\/pages\/32"}],"collection":[{"href":"http:\/\/www2187.vu.lt\/index.php?rest_route=\/wp\/v2\/pages"}],"about":[{"href":"http:\/\/www2187.vu.lt\/index.php?rest_route=\/wp\/v2\/types\/page"}],"author":[{"embeddable":true,"href":"http:\/\/www2187.vu.lt\/index.php?rest_route=\/wp\/v2\/users\/1"}],"replies":[{"embeddable":true,"href":"http:\/\/www2187.vu.lt\/index.php?rest_route=%2Fwp%2Fv2%2Fcomments&post=32"}],"version-history":[{"count":53,"href":"http:\/\/www2187.vu.lt\/index.php?rest_route=\/wp\/v2\/pages\/32\/revisions"}],"predecessor-version":[{"id":5459,"href":"http:\/\/www2187.vu.lt\/index.php?rest_route=\/wp\/v2\/pages\/32\/revisions\/5459"}],"up":[{"embeddable":true,"href":"http:\/\/www2187.vu.lt\/index.php?rest_route=\/wp\/v2\/pages\/4"}],"wp:attachment":[{"href":"http:\/\/www2187.vu.lt\/index.php?rest_route=%2Fwp%2Fv2%2Fmedia&parent=32"}],"curies":[{"name":"wp","href":"https:\/\/api.w.org\/{rel}","templated":true}]}}