{"id":30,"date":"2014-10-14T21:17:37","date_gmt":"2014-10-14T18:17:37","guid":{"rendered":"http:\/\/www2187.vu.lt\/?page_id=30"},"modified":"2020-07-07T14:21:25","modified_gmt":"2020-07-07T11:21:25","slug":"darbo-uzmokestis","status":"publish","type":"page","link":"http:\/\/www2187.vu.lt\/?page_id=30","title":{"rendered":"Darbo u\u017emokestis"},"content":{"rendered":"<p style=\"text-align: center;\">\n\t&nbsp;\n<\/p>\n<p style=\"text-align: center;\">\n\t<span style=\"font-size:14px;\"><span style=\"font-family:arial,helvetica,sans-serif;\"><strong>&Scaron;ven\u010dioni\u0173 r. Aduti&scaron;kio pagrindin\u0117s mokyklos darbuotoj\u0173 vidutinis darbo u\u017emokestis 2020 m.<\/strong><\/span><\/span>\n<\/p>\n<p style=\"text-align: center;\">\n\t<span style=\"font-size:14px;\"><span style=\"font-family:arial,helvetica,sans-serif;\"><strong>\u200b<\/strong><\/span><\/span>\n<\/p>\n<table border=\"1\" cellpadding=\"0\" cellspacing=\"0\">\n<tbody>\n<tr>\n<td style=\"width:50px;;height:26px;\">\n<p align=\"center\">\n\t\t\t\t\t<span style=\"font-size:12px;\"><strong><span style=\"font-family:arial,helvetica,sans-serif;\">Eil.<\/span> <\/strong><span style=\"font-family:arial,helvetica,sans-serif;\"><strong>Nr.<\/strong><\/span><\/span>\n\t\t\t\t<\/p>\n<\/td>\n<td style=\"width:180px;;height:26px;\">\n<p align=\"center\">\n\t\t\t\t\t<span style=\"font-size:12px;\"><strong><span style=\"font-family:arial,helvetica,sans-serif;\">Pareigyb\u0117s pavadinimas<\/span><\/strong><\/span>\n\t\t\t\t<\/p>\n<\/td>\n<td style=\"width:75px;;height:26px;\">\n<p align=\"center\">\n\t\t\t\t\t<span style=\"font-size:12px;\"><strong><span style=\"font-family:arial,helvetica,sans-serif;\">\u017dmoni\u0173 skai\u010dius<\/span><\/strong><\/span>\n\t\t\t\t<\/p>\n<\/td>\n<td style=\"width:85px;;height:26px;\">\n<p align=\"center\">\n\t\t\t\t\t<span style=\"font-size:12px;\"><strong><span style=\"font-family:arial,helvetica,sans-serif;\">I ketvirtis<\/span><\/strong><\/span>\n\t\t\t\t<\/p>\n<\/td>\n<td style=\"width:85px;;height:26px;\">\n<p align=\"center\">\n\t\t\t\t\t<span style=\"font-size:12px;\"><strong><span style=\"font-family:arial,helvetica,sans-serif;\">II ketvirtis<\/span><\/strong><\/span>\n\t\t\t\t<\/p>\n<\/td>\n<td style=\"width:85px;;height:26px;\">\n<p align=\"center\">\n\t\t\t\t\t<span style=\"font-size:12px;\"><strong><span style=\"font-family:arial,helvetica,sans-serif;\">III ketvirtis<\/span><\/strong><\/span>\n\t\t\t\t<\/p>\n<\/td>\n<td style=\"width:85px;;height:26px;\">\n<p style=\"text-align: center;\">\n\t\t\t\t\t<strong><span style=\"font-size:12px;\"><span style=\"font-family:arial,helvetica,sans-serif;\">IV ketvirtis<\/span><\/span><\/strong>\n\t\t\t\t<\/p>\n<\/td>\n<td style=\"width:85px;;height:26px;\">\n<p style=\"text-align: center;\">\n\t\t\t\t\t<strong><span style=\"font-size:12px;\"><span style=\"font-family:arial,helvetica,sans-serif;\">2020 m. vidurkis<\/span><\/span><\/strong>\n\t\t\t\t<\/p>\n<\/td>\n<\/tr>\n<tr>\n<td style=\"width:50px;;height:26px;\">\n<p align=\"center\" valign=\"middle\">\n\t\t\t\t\t<span style=\"font-size:12px;\"><span style=\"font-family:arial,helvetica,sans-serif;\">1.<\/span><\/span>\n\t\t\t\t<\/p>\n<\/td>\n<td style=\"width:180px;;height:26px;\">\n<p style=\"margin-left: 5px;\">\n\t\t\t\t\t<span style=\"font-size:12px;\"><span style=\"font-family:arial,helvetica,sans-serif;\">Mokytojas<\/span><\/span>\n\t\t\t\t<\/p>\n<\/td>\n<td style=\"width:75px;height:26px;\">\n<p align=\"center\">\n\t\t\t\t\t<span style=\"font-size:12px;\"><span style=\"font-family:arial,helvetica,sans-serif;\">22<\/span><\/span>\n\t\t\t\t<\/p>\n<\/td>\n<td style=\"width:85px;height:26px;\">\n<p align=\"center\">\n\t\t\t\t\t<span style=\"font-size:12px;\"><span style=\"font-family:arial,helvetica,sans-serif;\">630<\/span><\/span>\n\t\t\t\t<\/p>\n<\/td>\n<td style=\"width:85px;height:26px;\">\n<p align=\"center\">\n\t\t\t\t\t<span style=\"font-size:12px;\">659<\/span>\n\t\t\t\t<\/p>\n<\/td>\n<td style=\"width:85px;height:26px;\">\n<p align=\"center\">\n\t\t\t\t\t&nbsp;\n\t\t\t\t<\/p>\n<\/td>\n<td style=\"width:85px;height:26px;\">\n<p align=\"center\">\n\t\t\t\t\t&nbsp;\n\t\t\t\t<\/p>\n<\/td>\n<td style=\"width:85px;height:26px;\">\n<p align=\"center\">\n\t\t\t\t\t&nbsp;\n\t\t\t\t<\/p>\n<\/td>\n<\/tr>\n<tr>\n<td style=\"width:50px;;height:26px;\">\n<p align=\"center\" valign=\"middle\">\n\t\t\t\t\t<span style=\"font-size:12px;\"><span style=\"font-family:arial,helvetica,sans-serif;\">2.<\/span><\/span>\n\t\t\t\t<\/p>\n<\/td>\n<td style=\"width:180px;;height:26px;\">\n<p style=\"margin-left: 5px;\">\n\t\t\t\t\t<span style=\"font-size:12px;\"><span style=\"font-family:arial,helvetica,sans-serif;\">Vir\u0117jas<\/span><\/span>\n\t\t\t\t<\/p>\n<\/td>\n<td style=\"width:85px;height:26px;\">\n<p align=\"center\">\n\t\t\t\t\t2\n\t\t\t\t<\/p>\n<\/td>\n<td style=\"width:75px;height:26px;\">\n<p align=\"center\">\n\t\t\t\t\t<span style=\"font-size:12px;\"><span style=\"font-family:arial,helvetica,sans-serif;\">633<\/span><\/span>\n\t\t\t\t<\/p>\n<\/td>\n<td style=\"width:85px;height:26px;\">\n<p align=\"center\">\n\t\t\t\t\t&nbsp;\n\t\t\t\t<\/p>\n<\/td>\n<td style=\"width:85px;height:26px;\">\n<p align=\"center\">\n\t\t\t\t\t&nbsp;\n\t\t\t\t<\/p>\n<\/td>\n<td style=\"width:85px;height:26px;\">\n<p align=\"center\">\n\t\t\t\t\t&nbsp;\n\t\t\t\t<\/p>\n<\/td>\n<td style=\"width:85px;height:26px;\">\n<p align=\"center\">\n\t\t\t\t\t&nbsp;\n\t\t\t\t<\/p>\n<\/td>\n<\/tr>\n<tr>\n<td style=\"width:50px;;height:26px;\">\n<p align=\"center\" valign=\"middle\">\n\t\t\t\t\t<span style=\"font-size:12px;\"><span style=\"font-family:arial,helvetica,sans-serif;\">3.<\/span><\/span>\n\t\t\t\t<\/p>\n<\/td>\n<td style=\"width:180px;;height:26px;\">\n<p style=\"margin-left: 5px;\">\n\t\t\t\t\t<span style=\"font-size:12px;\"><span style=\"font-family:arial,helvetica,sans-serif;\">K\u016brikas<\/span><\/span>\n\t\t\t\t<\/p>\n<\/td>\n<td style=\"width:85px;height:26px;\">\n<p align=\"center\">\n\t\t\t\t\t4\n\t\t\t\t<\/p>\n<\/td>\n<td style=\"width:85px;height:26px;\">\n<p align=\"center\">\n\t\t\t\t\t<span style=\"font-size:12px;\"><span style=\"font-family:arial,helvetica,sans-serif;\">793<\/span><\/span>\n\t\t\t\t<\/p>\n<\/td>\n<td style=\"width:85px;height:26px;\">\n<p align=\"center\">\n\t\t\t\t\t&nbsp;\n\t\t\t\t<\/p>\n<\/td>\n<td style=\"width:85px;height:26px;\">\n<p align=\"center\">\n\t\t\t\t\t&nbsp;\n\t\t\t\t<\/p>\n<\/td>\n<td style=\"width:85px;height:26px;\">\n<p align=\"center\">\n\t\t\t\t\t&nbsp;\n\t\t\t\t<\/p>\n<\/td>\n<td style=\"width:85px;height:26px;\">\n<p align=\"center\">\n\t\t\t\t\t&nbsp;\n\t\t\t\t<\/p>\n<\/td>\n<\/tr>\n<tr>\n<td style=\"width:50px;;height:26px;\">\n<p align=\"center\" valign=\"middle\">\n\t\t\t\t\t<span style=\"font-size:12px;\"><span style=\"font-family:arial,helvetica,sans-serif;\">4.<\/span><\/span>\n\t\t\t\t<\/p>\n<\/td>\n<td style=\"width:180px;;height:26px;\">\n<p align=\"left\" style=\"margin-left: 5px;\">\n\t\t\t\t\t<span style=\"font-size:12px;\"><span style=\"font-family:arial,helvetica,sans-serif;\">Valytojas<\/span><\/span>\n\t\t\t\t<\/p>\n<\/td>\n<td style=\"width:75px;height:26px;\">\n<p align=\"center\">\n\t\t\t\t\t4\n\t\t\t\t<\/p>\n<\/td>\n<td style=\"width:85px;height:26px;\">\n<p align=\"center\">\n\t\t\t\t\t<span style=\"font-size:12px;\"><span style=\"font-family:arial,helvetica,sans-serif;\">304<\/span><\/span>\n\t\t\t\t<\/p>\n<\/td>\n<td style=\"width:85px;height:26px;\">\n<p align=\"center\">\n\t\t\t\t\t<span style=\"font-size:12px;\">322<\/span>\n\t\t\t\t<\/p>\n<\/td>\n<td style=\"width:85px;height:26px;\">\n\t\t\t\t&nbsp;\n\t\t\t<\/td>\n<td style=\"width:85px;height:26px;\">\n\t\t\t\t&nbsp;\n\t\t\t<\/td>\n<td style=\"width:85px;height:26px;\">\n<p style=\"text-align: center;\">\n\t\t\t\t\t&nbsp;\n\t\t\t\t<\/p>\n<\/td>\n<\/tr>\n<tr>\n<td style=\"width:50px;;height:26px;\">\n<p align=\"center\" valign=\"middle\">\n\t\t\t\t\t<span style=\"font-size:12px;\"><span style=\"font-family:arial,helvetica,sans-serif;\">5.<\/span><\/span>\n\t\t\t\t<\/p>\n<\/td>\n<td style=\"width:180px;height:26px;\">\n<p align=\"left\" style=\"margin-left:5px;\">\n\t\t\t\t\t<font face=\"arial,helvetica,sans-serif\">B<span style=\"font-size:12px;\">ud\u0117tojas<\/span><\/font>\n\t\t\t\t<\/p>\n<\/td>\n<td style=\"width:75px;height:26px;\">\n<p align=\"center\">\n\t\t\t\t\t2\n\t\t\t\t<\/p>\n<\/td>\n<td style=\"width:85px;height:26px;\">\n<p align=\"center\">\n\t\t\t\t\t<span style=\"font-size:12px;\"><span style=\"font-family:arial,helvetica,sans-serif;\">303<\/span><\/span>\n\t\t\t\t<\/p>\n<\/td>\n<td style=\"width:85px;height:26px;\">\n<p align=\"center\">\n\t\t\t\t\t<span style=\"font-size:12px;\">303<\/span>\n\t\t\t\t<\/p>\n<\/td>\n<td style=\"width:85px;height:26px;\">\n\t\t\t\t&nbsp;\n\t\t\t<\/td>\n<td style=\"width:85px;height:26px;\">\n\t\t\t\t&nbsp;\n\t\t\t<\/td>\n<td style=\"width:85px;height:26px;\">\n<p style=\"text-align: center;\">\n\t\t\t\t\t&nbsp;\n\t\t\t\t<\/p>\n<\/td>\n<\/tr>\n<tr>\n<td style=\"width:50px;;height:26px;\">\n<p align=\"center\" valign=\"middle\">\n\t\t\t\t\t<span style=\"font-size:12px;\"><span style=\"font-family:arial,helvetica,sans-serif;\">6.<\/span><\/span>\n\t\t\t\t<\/p>\n<\/td>\n<td style=\"width:180px;height:26px;\">\n<p align=\"left\" style=\"margin-left:5px;\">\n\t\t\t\t\t<span style=\"font-size:12px;\"><span style=\"font-family:arial,helvetica,sans-serif;\">Mokytojo pad\u0117j\u0117jas<\/span><\/span>\n\t\t\t\t<\/p>\n<\/td>\n<td style=\"width:75px;height:26px;\">\n<p align=\"center\">\n\t\t\t\t\t3\n\t\t\t\t<\/p>\n<\/td>\n<td style=\"width:85px;height:26px;\">\n<p align=\"center\">\n\t\t\t\t\t<span style=\"font-size:12px;\"><span style=\"font-family:arial,helvetica,sans-serif;\">180<\/span><\/span>\n\t\t\t\t<\/p>\n<\/td>\n<td style=\"width:85px;height:26px;\">\n<p align=\"center\">\n\t\t\t\t\t<span style=\"font-size:12px;\">187<\/span>\n\t\t\t\t<\/p>\n<\/td>\n<td style=\"width:85px;height:26px;\">\n\t\t\t\t&nbsp;\n\t\t\t<\/td>\n<td style=\"width:85px;height:26px;\">\n\t\t\t\t&nbsp;\n\t\t\t<\/td>\n<td style=\"width:85px;height:26px;\">\n<p align=\"center\">\n\t\t\t\t\t&nbsp;\n\t\t\t\t<\/p>\n<\/td>\n<\/tr>\n<\/tbody>\n<\/table>\n<p style=\"text-align: center;\">\n\t_____________________________\n<\/p>\n<p align=\"center\">\n\t&nbsp;<\/p>\n","protected":false},"excerpt":{"rendered":"<p>&nbsp; &Scaron;ven\u010dioni\u0173 r. Aduti&scaron;kio pagrindin\u0117s mokyklos darbuotoj\u0173 vidutinis darbo u\u017emokestis 2020 m. \u200b Eil. Nr. Pareigyb\u0117s pavadinimas \u017dmoni\u0173 skai\u010dius I ketvirtis II ketvirtis III ketvirtis IV ketvirtis 2020 m. vidurkis 1. Mokytojas 22 630 659 &nbsp; &nbsp; &nbsp; 2. Vir\u0117jas 2 633 &nbsp; &nbsp; &nbsp; &nbsp; 3. K\u016brikas 4 793 &nbsp; &nbsp; &nbsp; &nbsp; 4. [&hellip;]<\/p>\n","protected":false},"author":1,"featured_media":0,"parent":4,"menu_order":7,"comment_status":"closed","ping_status":"closed","template":"","meta":[],"_links":{"self":[{"href":"http:\/\/www2187.vu.lt\/index.php?rest_route=\/wp\/v2\/pages\/30"}],"collection":[{"href":"http:\/\/www2187.vu.lt\/index.php?rest_route=\/wp\/v2\/pages"}],"about":[{"href":"http:\/\/www2187.vu.lt\/index.php?rest_route=\/wp\/v2\/types\/page"}],"author":[{"embeddable":true,"href":"http:\/\/www2187.vu.lt\/index.php?rest_route=\/wp\/v2\/users\/1"}],"replies":[{"embeddable":true,"href":"http:\/\/www2187.vu.lt\/index.php?rest_route=%2Fwp%2Fv2%2Fcomments&post=30"}],"version-history":[{"count":46,"href":"http:\/\/www2187.vu.lt\/index.php?rest_route=\/wp\/v2\/pages\/30\/revisions"}],"predecessor-version":[{"id":6684,"href":"http:\/\/www2187.vu.lt\/index.php?rest_route=\/wp\/v2\/pages\/30\/revisions\/6684"}],"up":[{"embeddable":true,"href":"http:\/\/www2187.vu.lt\/index.php?rest_route=\/wp\/v2\/pages\/4"}],"wp:attachment":[{"href":"http:\/\/www2187.vu.lt\/index.php?rest_route=%2Fwp%2Fv2%2Fmedia&parent=30"}],"curies":[{"name":"wp","href":"https:\/\/api.w.org\/{rel}","templated":true}]}}