{"id":21,"date":"2014-10-14T20:41:57","date_gmt":"2014-10-14T17:41:57","guid":{"rendered":"http:\/\/www2187.vu.lt\/?page_id=21"},"modified":"2019-11-08T09:25:08","modified_gmt":"2019-11-08T07:25:08","slug":"savivalda","status":"publish","type":"page","link":"http:\/\/www2187.vu.lt\/?page_id=21","title":{"rendered":"Savivalda"},"content":{"rendered":"<p>\n\t&nbsp;\n<\/p>\n<p>\n\t<b>&Scaron;ven\u010dioni\u0173 r.&nbsp; Aduti&scaron;kio pagrindin\u0117s&nbsp; mokyklos savivalda<\/b>\n<\/p>\n<p>\n\t&nbsp;\n<\/p>\n<p>\n\t<strong>Mokyklos taryba<\/strong>\n<\/p>\n<p>\n\t<strong>Mokyklos tarybos pirmininkas &ndash; Vygantas Stun\u017e\u0117nas<\/strong>\n<\/p>\n<p>\n\t<strong>Mokyklos tarybos sekretor\u0117 &ndash; Larisa Ustinavi\u010dien\u0117&nbsp;<\/strong>\n<\/p>\n<table>\n<tbody>\n<tr>\n<td width=\"54\">\n\t\t\t\t<strong>Eil. Nr. <\/strong>\n\t\t\t<\/td>\n<td width=\"217\">\n\t\t\t\t<strong>Vardas, Pavard\u0117<\/strong>\n\t\t\t<\/td>\n<td width=\"161\">\n\t\t\t\t<strong>Atstovauja<\/strong>\n\t\t\t<\/td>\n<\/tr>\n<tr>\n<td width=\"54\">\n\t\t\t\t1.\n\t\t\t<\/td>\n<td width=\"217\">\n\t\t\t\tEimantas Vaitek\u0117nas\n\t\t\t<\/td>\n<td rowspan=\"5\" width=\"161\">\n\t\t\t\tMokinius\n\t\t\t<\/td>\n<\/tr>\n<tr>\n<td width=\"54\">\n\t\t\t\t2.\n\t\t\t<\/td>\n<td width=\"217\">\n\t\t\t\tDominykas Stun\u017e\u0117nas\n\t\t\t<\/td>\n<\/tr>\n<tr>\n<td width=\"54\">\n\t\t\t\t3.\n\t\t\t<\/td>\n<td width=\"217\">\n\t\t\t\tAkvil\u0117 Fom\u010denkovait\u0117\n\t\t\t<\/td>\n<\/tr>\n<tr>\n<td width=\"54\">\n\t\t\t\t4.\n\t\t\t<\/td>\n<td width=\"217\">\n\t\t\t\tDanielius Rakauskas\n\t\t\t<\/td>\n<\/tr>\n<tr>\n<td width=\"54\">\n\t\t\t\t5.\n\t\t\t<\/td>\n<td width=\"217\">\n\t\t\t\tVilija Rumbutyt\u0117\n\t\t\t<\/td>\n<\/tr>\n<tr>\n<td width=\"54\">\n\t\t\t\t6.\n\t\t\t<\/td>\n<td width=\"217\">\n\t\t\t\tJolanta Buinori\u016bt\u0117\n\t\t\t<\/td>\n<td rowspan=\"5\" width=\"161\">\n\t\t\t\tMokini\u0173 t\u0117vus\n\t\t\t<\/td>\n<\/tr>\n<tr>\n<td width=\"54\">\n\t\t\t\t7.\n\t\t\t<\/td>\n<td width=\"217\">\n\t\t\t\tIrina Minajeva\n\t\t\t<\/td>\n<\/tr>\n<tr>\n<td width=\"54\">\n\t\t\t\t8.\n\t\t\t<\/td>\n<td width=\"217\">\n\t\t\t\tAlma Sivojien\u0117\n\t\t\t<\/td>\n<\/tr>\n<tr>\n<td width=\"54\">\n\t\t\t\t9.\n\t\t\t<\/td>\n<td width=\"217\">\n\t\t\t\tJanina Lekarevi\u010dien\u0117\n\t\t\t<\/td>\n<\/tr>\n<tr>\n<td width=\"54\">\n\t\t\t\t10.\n\t\t\t<\/td>\n<td width=\"217\">\n\t\t\t\tVygantas Stun\u017e\u0117nas\n\t\t\t<\/td>\n<\/tr>\n<tr>\n<td width=\"54\">\n\t\t\t\t11.\n\t\t\t<\/td>\n<td width=\"217\">\n\t\t\t\tJurgita Dicevi\u010di\u016bt\u0117\n\t\t\t<\/td>\n<td rowspan=\"5\" width=\"161\">\n\t\t\t\tMokytojus\n\t\t\t<\/td>\n<\/tr>\n<tr>\n<td width=\"54\">\n\t\t\t\t12.\n\t\t\t<\/td>\n<td width=\"217\">\n\t\t\t\tKristina Grigel\n\t\t\t<\/td>\n<\/tr>\n<tr>\n<td width=\"54\">\n\t\t\t\t13.\n\t\t\t<\/td>\n<td width=\"217\">\n\t\t\t\tGra\u017eina Lazdinien\u0117\n\t\t\t<\/td>\n<\/tr>\n<tr>\n<td width=\"54\">\n\t\t\t\t14.\n\t\t\t<\/td>\n<td width=\"217\">\n\t\t\t\tSvetlana Men\u010dinskien\u0117\n\t\t\t<\/td>\n<\/tr>\n<tr>\n<td width=\"54\">\n\t\t\t\t15.\n\t\t\t<\/td>\n<td width=\"217\">\n\t\t\t\tLarisa Ustinavi\u010dien\u0117\n\t\t\t<\/td>\n<\/tr>\n<\/tbody>\n<\/table>\n<p>\n\t<strong>&nbsp;<\/strong>\n<\/p>\n<p>\n\t<strong>Mokini\u0173 taryba<\/strong>\n<\/p>\n<p>\n\t<strong>Pirmininkas &ndash; Akvil\u0117 Fom\u010denkovait\u0117<\/strong>\n<\/p>\n<p>\n\t<strong>Sekretor\u0117 &ndash; Gabriel\u0117 Bu\u010delyt\u0117\u200b&nbsp;<\/strong>\n<\/p>\n<table>\n<tbody>\n<tr>\n<td width=\"54\">\n\t\t\t\t<strong>Eil. Nr. <\/strong>\n\t\t\t<\/td>\n<td width=\"217\">\n\t\t\t\t<strong>Vardas, Pavard\u0117<\/strong>\n\t\t\t<\/td>\n<td width=\"161\">\n\t\t\t\t<strong>Klas\u0117<\/strong>\n\t\t\t<\/td>\n<\/tr>\n<tr>\n<td width=\"54\">\n\t\t\t\t1.\n\t\t\t<\/td>\n<td width=\"217\">\n\t\t\t\tAkvil\u0117 Fom\u010denkovait\u0117\n\t\t\t<\/td>\n<td width=\"161\">\n\t\t\t\t10\n\t\t\t<\/td>\n<\/tr>\n<tr>\n<td width=\"54\">\n\t\t\t\t2.\n\t\t\t<\/td>\n<td width=\"217\">\n\t\t\t\tGabriel\u0117 Bu\u010delyt\u0117\n\t\t\t<\/td>\n<td width=\"161\">\n\t\t\t\t10\n\t\t\t<\/td>\n<\/tr>\n<tr>\n<td width=\"54\">\n\t\t\t\t3.\n\t\t\t<\/td>\n<td width=\"217\">\n\t\t\t\tKamil\u0117 Sem\u0117nait\u0117\n\t\t\t<\/td>\n<td width=\"161\">\n\t\t\t\t5\n\t\t\t<\/td>\n<\/tr>\n<tr>\n<td width=\"54\">\n\t\t\t\t4.\n\t\t\t<\/td>\n<td width=\"217\">\n\t\t\t\tKajus Galalis\n\t\t\t<\/td>\n<td width=\"161\">\n\t\t\t\t5\n\t\t\t<\/td>\n<\/tr>\n<tr>\n<td width=\"54\">\n\t\t\t\t5.\n\t\t\t<\/td>\n<td width=\"217\">\n\t\t\t\tRaigardas K\u0117k&scaron;tas\n\t\t\t<\/td>\n<td width=\"161\">\n\t\t\t\t7\n\t\t\t<\/td>\n<\/tr>\n<tr>\n<td width=\"54\">\n\t\t\t\t6.\n\t\t\t<\/td>\n<td width=\"217\">\n\t\t\t\tSandra Stepon\u0117nait\u0117\n\t\t\t<\/td>\n<td width=\"161\">\n\t\t\t\t7\n\t\t\t<\/td>\n<\/tr>\n<tr>\n<td width=\"54\">\n\t\t\t\t7.\n\t\t\t<\/td>\n<td width=\"217\">\n\t\t\t\tGitana Baltru&scaron;aityt\u0117\n\t\t\t<\/td>\n<td width=\"161\">\n\t\t\t\t8\n\t\t\t<\/td>\n<\/tr>\n<tr>\n<td width=\"54\">\n\t\t\t\t8.\n\t\t\t<\/td>\n<td width=\"217\">\n\t\t\t\tMonika Vaitek\u0117nait\u0117\n\t\t\t<\/td>\n<td width=\"161\">\n\t\t\t\t8\n\t\t\t<\/td>\n<\/tr>\n<tr>\n<td width=\"54\">\n\t\t\t\t9.\n\t\t\t<\/td>\n<td width=\"217\">\n\t\t\t\tAleksandr Bukatin\n\t\t\t<\/td>\n<td width=\"161\">\n\t\t\t\t9\n\t\t\t<\/td>\n<\/tr>\n<tr>\n<td width=\"54\">\n\t\t\t\t10.\n\t\t\t<\/td>\n<td width=\"217\">\n\t\t\t\tDeimantas Stankus\n\t\t\t<\/td>\n<td width=\"161\">\n\t\t\t\t9\n\t\t\t<\/td>\n<\/tr>\n<tr>\n<td width=\"54\">\n\t\t\t\t11.\n\t\t\t<\/td>\n<td width=\"217\">\n\t\t\t\tDain\u0117 Stanislava Rumbutyt\u0117\n\t\t\t<\/td>\n<td width=\"161\">\n\t\t\t\t3\n\t\t\t<\/td>\n<\/tr>\n<tr>\n<td width=\"54\">\n\t\t\t\t12.\n\t\t\t<\/td>\n<td width=\"217\">\n\t\t\t\tViktorija Dara&scaron;kevi\u010di\u016bt\u0117\n\t\t\t<\/td>\n<td width=\"161\">\n\t\t\t\t3\n\t\t\t<\/td>\n<\/tr>\n<tr>\n\t\t<\/tr>\n<\/tbody>\n<\/table>\n<p>\n\t&nbsp;\n<\/p>\n<p>\n\t&nbsp;<\/p>\n","protected":false},"excerpt":{"rendered":"<p>&nbsp; &Scaron;ven\u010dioni\u0173 r.&nbsp; Aduti&scaron;kio pagrindin\u0117s&nbsp; mokyklos savivalda &nbsp; Mokyklos taryba Mokyklos tarybos pirmininkas &ndash; Vygantas Stun\u017e\u0117nas Mokyklos tarybos sekretor\u0117 &ndash; Larisa Ustinavi\u010dien\u0117&nbsp; Eil. Nr. Vardas, Pavard\u0117 Atstovauja 1. Eimantas Vaitek\u0117nas Mokinius 2. Dominykas Stun\u017e\u0117nas 3. Akvil\u0117 Fom\u010denkovait\u0117 4. Danielius Rakauskas 5. Vilija Rumbutyt\u0117 6. Jolanta Buinori\u016bt\u0117 Mokini\u0173 t\u0117vus 7. Irina Minajeva 8. Alma Sivojien\u0117 9. [&hellip;]<\/p>\n","protected":false},"author":1,"featured_media":0,"parent":5790,"menu_order":5,"comment_status":"open","ping_status":"open","template":"","meta":[],"_links":{"self":[{"href":"http:\/\/www2187.vu.lt\/index.php?rest_route=\/wp\/v2\/pages\/21"}],"collection":[{"href":"http:\/\/www2187.vu.lt\/index.php?rest_route=\/wp\/v2\/pages"}],"about":[{"href":"http:\/\/www2187.vu.lt\/index.php?rest_route=\/wp\/v2\/types\/page"}],"author":[{"embeddable":true,"href":"http:\/\/www2187.vu.lt\/index.php?rest_route=\/wp\/v2\/users\/1"}],"replies":[{"embeddable":true,"href":"http:\/\/www2187.vu.lt\/index.php?rest_route=%2Fwp%2Fv2%2Fcomments&post=21"}],"version-history":[{"count":11,"href":"http:\/\/www2187.vu.lt\/index.php?rest_route=\/wp\/v2\/pages\/21\/revisions"}],"predecessor-version":[{"id":6197,"href":"http:\/\/www2187.vu.lt\/index.php?rest_route=\/wp\/v2\/pages\/21\/revisions\/6197"}],"up":[{"embeddable":true,"href":"http:\/\/www2187.vu.lt\/index.php?rest_route=\/wp\/v2\/pages\/5790"}],"wp:attachment":[{"href":"http:\/\/www2187.vu.lt\/index.php?rest_route=%2Fwp%2Fv2%2Fmedia&parent=21"}],"curies":[{"name":"wp","href":"https:\/\/api.w.org\/{rel}","templated":true}]}}