{"id":19,"date":"2015-09-03T20:41:22","date_gmt":"2015-09-03T17:41:22","guid":{"rendered":"http:\/\/www2187.vu.lt\/?page_id=19"},"modified":"2019-11-08T16:00:53","modified_gmt":"2019-11-08T14:00:53","slug":"mokiniaj","status":"publish","type":"page","link":"http:\/\/www2187.vu.lt\/?page_id=19","title":{"rendered":"Mokiniai"},"content":{"rendered":"<p>\n\t&nbsp;\n<\/p>\n<p>\n\t<strong><a href=\"http:\/\/www2187.vu.lt\/wp-content\/uploads\/2019\/11\/mokiniu_sarasas_2019-2020.pdf\">\u0160VEN\u010cIONI\u0172 R. ADUTI\u0160KIO PAGRINDIN\u0116S MOKYKLOS MOKINI\u0172 S\u0104RA\u0160AS 2019-2020 M.M.<br \/>\n<\/a><\/strong>\n<\/p>\n<p><!--\n\n\n<p>\n\t<strong><a href=\"http:\/\/www2187.vu.lt\/wp-content\/uploads\/2018\/12\/mokiniu_sarasas_APM_2018-2019_tinklapiui.pdf\">&Scaron;VEN\u010cIONI\u0172 R. ADUTI&Scaron;KIO PAGRINDIN\u0116S MOKYKLOS MOKINI\u0172 S\u0104RA&Scaron;AS 2018-2019 M. M.<\/a><\/strong>\n<\/p>\n\n\n--><\/p>\n","protected":false},"excerpt":{"rendered":"<p>&nbsp; \u0160VEN\u010cIONI\u0172 R. ADUTI\u0160KIO PAGRINDIN\u0116S MOKYKLOS MOKINI\u0172 S\u0104RA\u0160AS 2019-2020 M.M.<\/p>\n","protected":false},"author":1,"featured_media":0,"parent":5790,"menu_order":4,"comment_status":"open","ping_status":"open","template":"","meta":[],"_links":{"self":[{"href":"http:\/\/www2187.vu.lt\/index.php?rest_route=\/wp\/v2\/pages\/19"}],"collection":[{"href":"http:\/\/www2187.vu.lt\/index.php?rest_route=\/wp\/v2\/pages"}],"about":[{"href":"http:\/\/www2187.vu.lt\/index.php?rest_route=\/wp\/v2\/types\/page"}],"author":[{"embeddable":true,"href":"http:\/\/www2187.vu.lt\/index.php?rest_route=\/wp\/v2\/users\/1"}],"replies":[{"embeddable":true,"href":"http:\/\/www2187.vu.lt\/index.php?rest_route=%2Fwp%2Fv2%2Fcomments&post=19"}],"version-history":[{"count":23,"href":"http:\/\/www2187.vu.lt\/index.php?rest_route=\/wp\/v2\/pages\/19\/revisions"}],"predecessor-version":[{"id":6221,"href":"http:\/\/www2187.vu.lt\/index.php?rest_route=\/wp\/v2\/pages\/19\/revisions\/6221"}],"up":[{"embeddable":true,"href":"http:\/\/www2187.vu.lt\/index.php?rest_route=\/wp\/v2\/pages\/5790"}],"wp:attachment":[{"href":"http:\/\/www2187.vu.lt\/index.php?rest_route=%2Fwp%2Fv2%2Fmedia&parent=19"}],"curies":[{"name":"wp","href":"https:\/\/api.w.org\/{rel}","templated":true}]}}