{"id":15,"date":"2014-10-14T20:40:21","date_gmt":"2014-10-14T17:40:21","guid":{"rendered":"http:\/\/www2187.vu.lt\/?page_id=15"},"modified":"2019-06-02T19:56:54","modified_gmt":"2019-06-02T16:56:54","slug":"vadovai","status":"publish","type":"page","link":"http:\/\/www2187.vu.lt\/?page_id=15","title":{"rendered":"Administracija"},"content":{"rendered":"<table align=\"center\" border=\"2\" cellpadding=\"1\" cellspacing=\"1\" style=\"width: 563px; height: 430px;\">\n<tbody>\n<tr>\n<td style=\"width: 163px;\">\n\t\t\t\t<strong>Pareigos <\/strong>\n\t\t\t<\/td>\n<td style=\"width: 109px;\">\n\t\t\t\t<strong>Vardas, pavard\u0117<\/strong>\n\t\t\t<\/td>\n<td style=\"width: 131px;\">\n\t\t\t\t<strong>Telefono nr. <\/strong>\n\t\t\t<\/td>\n<td style=\"width: 240px;\">\n\t\t\t\t<strong>El. pa&scaron;to adresas<\/strong>\n\t\t\t<\/td>\n<\/tr>\n<tr>\n<td style=\"width: 163px;\">\n\t\t\t\tDirektorius\n\t\t\t<\/td>\n<td style=\"width: 109px;\">\n\t\t\t\t&nbsp;\n\t\t\t<\/td>\n<td style=\"width: 131px;\">\n\t\t\t\t+370 387 59244\n\t\t\t<\/td>\n<td style=\"width: 240px;\">\n\t\t\t\t<a href=\"mailto:adutiskio.vidurine@gmail.com\">adutiskio.vidurine@gmail.com<\/a>\n\t\t\t<\/td>\n<\/tr>\n<tr>\n<td style=\"width: 163px;\">\n\t\t\t\tDirektoriaus pavaduotojas ugdymui\n\t\t\t<\/td>\n<td style=\"width: 109px;\">\n\t\t\t\tAlgirdas Uziala\n\t\t\t<\/td>\n<td style=\"width: 131px;\">\n\t\t\t\t+370 387 59244\n\t\t\t<\/td>\n<td style=\"width: 240px;\">\n\t\t\t\t<a href=\"mailto:algirdasuziala@gmail.com\">algirdasuziala@gmail.com<\/a>\n\t\t\t<\/td>\n<\/tr>\n<tr>\n<td style=\"width: 163px;\">\n\t\t\t\tDirektoriaus pavaduotojas \u016bkiui\n\t\t\t<\/td>\n<td style=\"width: 109px;\">\n\t\t\t\tStanislavas Grigelis\n\t\t\t<\/td>\n<td style=\"width: 131px;\">\n\t\t\t\t+370 387 59244\n\t\t\t<\/td>\n<td style=\"width: 240px;\">\n\t\t\t\t<a href=\"mailto:stanislavas.grigelis@gmail.com\">stanislavas.grigelis@gmail.com<\/a>\n\t\t\t<\/td>\n<\/tr>\n<tr>\n<td style=\"width: 163px;\">\n\t\t\t\tRa&scaron;tin\u0117s ved\u0117ja\n\t\t\t<\/td>\n<td style=\"width: 109px;\">\n\t\t\t\tNijol\u0117 Martinkaitien\u0117\n\t\t\t<\/td>\n<td style=\"width: 131px;\">\n\t\t\t\t+370 387 59244\n\t\t\t<\/td>\n<td style=\"width: 240px;\">\n\t\t\t\t<a href=\"mailto:adutiskio.vidurine@gmail.com\">adutiskio.vidurine@gmail.com<\/a>\n\t\t\t<\/td>\n<\/tr>\n<\/tbody>\n<\/table>\n","protected":false},"excerpt":{"rendered":"<p>Pareigos Vardas, pavard\u0117 Telefono nr. El. pa&scaron;to adresas Direktorius &nbsp; +370 387 59244 adutiskio.vidurine@gmail.com Direktoriaus pavaduotojas ugdymui Algirdas Uziala +370 387 59244 algirdasuziala@gmail.com Direktoriaus pavaduotojas \u016bkiui Stanislavas Grigelis +370 387 59244 stanislavas.grigelis@gmail.com Ra&scaron;tin\u0117s ved\u0117ja Nijol\u0117 Martinkaitien\u0117 +370 387 59244 adutiskio.vidurine@gmail.com<\/p>\n","protected":false},"author":1,"featured_media":0,"parent":5790,"menu_order":2,"comment_status":"open","ping_status":"open","template":"","meta":[],"_links":{"self":[{"href":"http:\/\/www2187.vu.lt\/index.php?rest_route=\/wp\/v2\/pages\/15"}],"collection":[{"href":"http:\/\/www2187.vu.lt\/index.php?rest_route=\/wp\/v2\/pages"}],"about":[{"href":"http:\/\/www2187.vu.lt\/index.php?rest_route=\/wp\/v2\/types\/page"}],"author":[{"embeddable":true,"href":"http:\/\/www2187.vu.lt\/index.php?rest_route=\/wp\/v2\/users\/1"}],"replies":[{"embeddable":true,"href":"http:\/\/www2187.vu.lt\/index.php?rest_route=%2Fwp%2Fv2%2Fcomments&post=15"}],"version-history":[{"count":12,"href":"http:\/\/www2187.vu.lt\/index.php?rest_route=\/wp\/v2\/pages\/15\/revisions"}],"predecessor-version":[{"id":5794,"href":"http:\/\/www2187.vu.lt\/index.php?rest_route=\/wp\/v2\/pages\/15\/revisions\/5794"}],"up":[{"embeddable":true,"href":"http:\/\/www2187.vu.lt\/index.php?rest_route=\/wp\/v2\/pages\/5790"}],"wp:attachment":[{"href":"http:\/\/www2187.vu.lt\/index.php?rest_route=%2Fwp%2Fv2%2Fmedia&parent=15"}],"curies":[{"name":"wp","href":"https:\/\/api.w.org\/{rel}","templated":true}]}}