{"id":13,"date":"2014-10-14T20:39:54","date_gmt":"2014-10-14T17:39:54","guid":{"rendered":"http:\/\/www2187.vu.lt\/?page_id=13"},"modified":"2019-06-02T20:28:56","modified_gmt":"2019-06-02T17:28:56","slug":"vizija-misija","status":"publish","type":"page","link":"http:\/\/www2187.vu.lt\/?page_id=13","title":{"rendered":"Vizija, misija"},"content":{"rendered":"<p>\n\t<strong>Vizija<\/strong>\n<\/p>\n<p>\n\tAduti&scaron;kio&nbsp; pagrindin\u0117 mokykla&nbsp; &ndash;&nbsp;&nbsp;atvira kaitai, siekianti kokybi&scaron;ko ugdymo(-si) tiksl\u0173, sudaranti s\u0105lygas visaver\u010diam, socialiai saugiam mokinio gyvenimui, ugdanti atsaking\u0105, k\u016brybi&scaron;k\u0105 asmenyb\u0119, geban\u010di\u0105 ir pasirengusi\u0105 gyventi spar\u010diai besikei\u010dian\u010dioje visuomen\u0117je, &nbsp;puosel\u0117janti tautines tradicijas mokykla. Mokykla &ndash; miestelio bendruomen\u0117s kult\u016bros, &scaron;vietimo ir pagalbos &scaron;eimai centras.\n<\/p>\n<p>\n\t<strong>Misija<\/strong>\n<\/p>\n<p>\n\tTeikti reikalavimus atitinkant\u012f prie&scaron;mokyklin\u012f ugdym\u0105, pradin\u012f bei pagrindin\u012f i&scaron;silavinim\u0105, pad\u0117ti &nbsp;ugdytiniui suvokti &scaron;iuolaikin\u012f pasaul\u012f, \u012fgyti kompetencijas, b\u016btinas tolesniam ugdymui(-si), sudaryti s\u0105lygas ne tik \u012fgyti pagrindin\u012f i&scaron;silavinim\u0105, bet ir realizuoti savo geb\u0117jimus pagal individualius poreikius, individualias asmens savybes.\n<\/p>\n<p>\n\t<strong>Vertyb\u0117s<\/strong>\n<\/p>\n<ul>\n<li>\n\t\tTeisingumas, darb&scaron;tumas, s\u0105\u017einingumas\n\t<\/li>\n<li>\n\t\tSavigarba ir pagarba kitiems\n\t<\/li>\n<li>\n\t\tVidin\u0117 kult\u016bra ir tolerancija\n\t<\/li>\n<li>\n\t\tFizinis ir emocinis saugumas\n\t<\/li>\n<li>\n\t\tT\u0117v\u0173 ir bendruomen\u0117s partneryst\u0117\n\t<\/li>\n<li>\n\t\tUgdomosios aplinkos saugojimas ir puosel\u0117jimas\n\t<\/li>\n<li>\n\t\tBendravimas ir bendradarbiavimas siekiant bendr\u0173 tiksl\u0173\n\t<\/li>\n<li>\n\t\tAtsakomyb\u0117 u\u017e savo veiksmus\n\t<\/li>\n<\/ul>\n","protected":false},"excerpt":{"rendered":"<p>Vizija Aduti&scaron;kio&nbsp; pagrindin\u0117 mokykla&nbsp; &ndash;&nbsp;&nbsp;atvira kaitai, siekianti kokybi&scaron;ko ugdymo(-si) tiksl\u0173, sudaranti s\u0105lygas visaver\u010diam, socialiai saugiam mokinio gyvenimui, ugdanti atsaking\u0105, k\u016brybi&scaron;k\u0105 asmenyb\u0119, geban\u010di\u0105 ir pasirengusi\u0105 gyventi spar\u010diai besikei\u010dian\u010dioje visuomen\u0117je, &nbsp;puosel\u0117janti tautines tradicijas mokykla. Mokykla &ndash; miestelio bendruomen\u0117s kult\u016bros, &scaron;vietimo ir pagalbos &scaron;eimai centras. Misija Teikti reikalavimus atitinkant\u012f prie&scaron;mokyklin\u012f ugdym\u0105, pradin\u012f bei pagrindin\u012f i&scaron;silavinim\u0105, pad\u0117ti &nbsp;ugdytiniui suvokti [&hellip;]<\/p>\n","protected":false},"author":1,"featured_media":0,"parent":7,"menu_order":1,"comment_status":"open","ping_status":"open","template":"","meta":[],"_links":{"self":[{"href":"http:\/\/www2187.vu.lt\/index.php?rest_route=\/wp\/v2\/pages\/13"}],"collection":[{"href":"http:\/\/www2187.vu.lt\/index.php?rest_route=\/wp\/v2\/pages"}],"about":[{"href":"http:\/\/www2187.vu.lt\/index.php?rest_route=\/wp\/v2\/types\/page"}],"author":[{"embeddable":true,"href":"http:\/\/www2187.vu.lt\/index.php?rest_route=\/wp\/v2\/users\/1"}],"replies":[{"embeddable":true,"href":"http:\/\/www2187.vu.lt\/index.php?rest_route=%2Fwp%2Fv2%2Fcomments&post=13"}],"version-history":[{"count":3,"href":"http:\/\/www2187.vu.lt\/index.php?rest_route=\/wp\/v2\/pages\/13\/revisions"}],"predecessor-version":[{"id":5797,"href":"http:\/\/www2187.vu.lt\/index.php?rest_route=\/wp\/v2\/pages\/13\/revisions\/5797"}],"up":[{"embeddable":true,"href":"http:\/\/www2187.vu.lt\/index.php?rest_route=\/wp\/v2\/pages\/7"}],"wp:attachment":[{"href":"http:\/\/www2187.vu.lt\/index.php?rest_route=%2Fwp%2Fv2%2Fmedia&parent=13"}],"curies":[{"name":"wp","href":"https:\/\/api.w.org\/{rel}","templated":true}]}}