{"id":11,"date":"2014-10-14T20:39:16","date_gmt":"2014-10-14T17:39:16","guid":{"rendered":"http:\/\/www2187.vu.lt\/?page_id=11"},"modified":"2019-06-02T20:34:37","modified_gmt":"2019-06-02T17:34:37","slug":"istorija","status":"publish","type":"page","link":"http:\/\/www2187.vu.lt\/?page_id=11","title":{"rendered":"Istorija"},"content":{"rendered":"<h2 style=\"text-align: center;\">\n\t<span style=\"color: rgb(218, 165, 32);\">Mokyklos istorija<\/span><br \/>\n<\/h2>\n<p style=\"text-align: justify;\">\n\t&nbsp;&nbsp;&nbsp;&nbsp; Buvusio dvaro archyvuose yra 1790 m.&nbsp;gruod\u017eio 5&nbsp;d. ra&scaron;tas, kuriame kalbama apie parapijin\u0117s mokyklos fundacij\u0105, skiriant bakalaurui (mokytojui) vien\u0105 valak\u0105 \u017eem\u0117s. &Scaron;i data ir laikoma mokyklos \u012fk\u016brimo prad\u017eia. Tolesnis mokyklos likimas buvo sunkus ir vingiuotas. Lenkijos &ndash; Lietuvos valstyb\u0117s dalybos skaud\u017eiai atsiliep\u0117 kra&scaron;tui. Rus\u0173 kariuomen\u0117 j\u012f labai nusiaub\u0117. 1808 metais Vilniaus universiteto atstovas, atvyk\u0119s vizituoti Aduti&scaron;kio parapijin\u0117s mokyklos, jos nerado. Aduti&scaron;kio mietelyje veik\u0117 tik \u017eyd\u0173 mokykla.\n<\/p>\n<p style=\"text-align: justify;\">\n\t&nbsp;&nbsp;&nbsp;&nbsp; Mokyklos reikalais susir\u016bpinta tik 1822 metais. Darbai baigti 1826 metais. Po dvej\u0173 met\u0173 mokykloje mok\u0117si tik 6 vaikai, ta\u010diau v\u0117liau mokykla i&scaron;sipl\u0117t\u0117, 1840 metais j\u0105 lank\u0117 daugiau negu 60 vaik\u0173, tarp kuri\u0173 buvo net kelios mergait\u0117s. Aduti&scaron;kio parapijin\u0117je mokykloje buvo dvi klas\u0117s. Mokykloje tuomet mok\u0117 katekizmo, geografijos, aritmetikos, lotyn\u0173 ir lenk\u0173 kalb\u0173 gramatikos, gamtos moksl\u0173.\n<\/p>\n<p style=\"text-align: justify;\">\n\t&nbsp;&nbsp;&nbsp;&nbsp; Po 1863 met\u0173 sukilimo pradin\u0117s mokyklos buvo u\u017edarytos, o j\u0173 vietoje steigiamos liaudies mokyklos, kuriose dalykai buvo d\u0117stomi rus\u0173 kalba. Mokykloje buvo reikalaujama kalb\u0117ti tik rusi&scaron;kai. Lietuvi&scaron;kai ar lenki&scaron;kai skaityti vaikai pramokdavo i&scaron; \u017emoni\u0173, kurie daraktoriavo kaimuose. Tik 1915 metais carin\u0117 vyriausyb\u0117 leido Aduti&scaron;kyje \u012fkurti lietuvi&scaron;k\u0105 pradin\u0119 mokykl\u0105, kurioje mok\u0117si apie 100 mokini\u0173. 1920 metais lenkams okupavus Vilniaus kra&scaron;t\u0105 Aduti&scaron;kis atsid\u016br\u0117 Lenkijos sud\u0117tyje. 1924 metais mokykla buvo reorganizuota \u012f lenk\u0173 septynmet\u0119 mokykl\u0105. 1939 metais Stalino sprendimu dalis &Scaron;ven\u010dioni\u0173 rajono, kartu ir Aduti&scaron;kis, atiteko Baltarusijai. Mokykla reorganizuota \u012f lietuvi\u0173 &ndash; rus\u0173 &ndash; baltarusi\u0173 septynmet\u0119 mokykl\u0105. Aduti&scaron;kie\u010diai rinko para&scaron;us, kad kra&scaron;tas b\u016bt\u0173 gr\u0105\u017eintas Lietuvai. 1940 met\u0173 vasar\u0105 &scaron;is pra&scaron;ymas buvo patenkintas. 1942-1943 metais veik\u0117 lietuvi&scaron;ka progimnazija, po karo tapusi vidurine mokykla.<\/p>\n","protected":false},"excerpt":{"rendered":"<p>Mokyklos istorija &nbsp;&nbsp;&nbsp;&nbsp; Buvusio dvaro archyvuose yra 1790 m.&nbsp;gruod\u017eio 5&nbsp;d. ra&scaron;tas, kuriame kalbama apie parapijin\u0117s mokyklos fundacij\u0105, skiriant bakalaurui (mokytojui) vien\u0105 valak\u0105 \u017eem\u0117s. &Scaron;i data ir laikoma mokyklos \u012fk\u016brimo prad\u017eia. Tolesnis mokyklos likimas buvo sunkus ir vingiuotas. Lenkijos &ndash; Lietuvos valstyb\u0117s dalybos skaud\u017eiai atsiliep\u0117 kra&scaron;tui. Rus\u0173 kariuomen\u0117 j\u012f labai nusiaub\u0117. 1808 metais Vilniaus universiteto atstovas, [&hellip;]<\/p>\n","protected":false},"author":1,"featured_media":0,"parent":7,"menu_order":10,"comment_status":"open","ping_status":"open","template":"","meta":[],"_links":{"self":[{"href":"http:\/\/www2187.vu.lt\/index.php?rest_route=\/wp\/v2\/pages\/11"}],"collection":[{"href":"http:\/\/www2187.vu.lt\/index.php?rest_route=\/wp\/v2\/pages"}],"about":[{"href":"http:\/\/www2187.vu.lt\/index.php?rest_route=\/wp\/v2\/types\/page"}],"author":[{"embeddable":true,"href":"http:\/\/www2187.vu.lt\/index.php?rest_route=\/wp\/v2\/users\/1"}],"replies":[{"embeddable":true,"href":"http:\/\/www2187.vu.lt\/index.php?rest_route=%2Fwp%2Fv2%2Fcomments&post=11"}],"version-history":[{"count":3,"href":"http:\/\/www2187.vu.lt\/index.php?rest_route=\/wp\/v2\/pages\/11\/revisions"}],"predecessor-version":[{"id":142,"href":"http:\/\/www2187.vu.lt\/index.php?rest_route=\/wp\/v2\/pages\/11\/revisions\/142"}],"up":[{"embeddable":true,"href":"http:\/\/www2187.vu.lt\/index.php?rest_route=\/wp\/v2\/pages\/7"}],"wp:attachment":[{"href":"http:\/\/www2187.vu.lt\/index.php?rest_route=%2Fwp%2Fv2%2Fmedia&parent=11"}],"curies":[{"name":"wp","href":"https:\/\/api.w.org\/{rel}","templated":true}]}}